{"id":70,"date":"2014-12-23T15:24:53","date_gmt":"2014-12-23T14:24:53","guid":{"rendered":"http:\/\/metatron-gmbh.de\/?page_id=70"},"modified":"2024-02-07T20:51:44","modified_gmt":"2024-02-07T20:51:44","slug":"personaldienstleistungen","status":"publish","type":"page","link":"https:\/\/metatron-gmbh.de\/hr\/personaldienstleistungen\/","title":{"rendered":"Personaldienstleistungen"},"content":{"rendered":"","protected":false},"excerpt":{"rendered":"","protected":false},"author":1,"featured_media":0,"parent":0,"menu_order":0,"comment_status":"open","ping_status":"closed","template":"","meta":{"footnotes":""},"class_list":["post-70","page","type-page","status-publish","hentry"],"yoast_head":"<!-- This site is optimized with the Yoast SEO plugin v23.4 - https:\/\/yoast.com\/wordpress\/plugins\/seo\/ -->\n<title>Personaldienstleistungen - metatron-gmbh.de<\/title>\n<meta name=\"description\" content=\"QUALIFIZIERTES UND GESCHULTES FACHPERSONAL UND EUROPAWEITE PROJEKTE. Spezialisierung bedeutet Vorsprung. So garantieren wir unseren Kunden, dass wir ihre Anforderungen verstehen und sie dadurch optimal bei der Auswahl der ben\u00f6tigten Spezialisten unterst\u00fctzen k\u00f6nnen.\" \/>\n<meta name=\"robots\" content=\"index, follow, max-snippet:-1, max-image-preview:large, max-video-preview:-1\" \/>\n<link rel=\"canonical\" href=\"https:\/\/metatron-gmbh.de\/hr\/personaldienstleistungen\/\" \/>\n<meta property=\"og:locale\" content=\"hr_HR\" \/>\n<meta property=\"og:type\" content=\"article\" \/>\n<meta property=\"og:title\" content=\"Personaldienstleistungen - metatron-gmbh.de\" \/>\n<meta property=\"og:description\" content=\"QUALIFIZIERTES UND GESCHULTES FACHPERSONAL UND EUROPAWEITE PROJEKTE. Spezialisierung bedeutet Vorsprung. So garantieren wir unseren Kunden, dass wir ihre Anforderungen verstehen und sie dadurch optimal bei der Auswahl der ben\u00f6tigten Spezialisten unterst\u00fctzen k\u00f6nnen.\" \/>\n<meta property=\"og:url\" content=\"https:\/\/metatron-gmbh.de\/hr\/personaldienstleistungen\/\" \/>\n<meta property=\"og:site_name\" content=\"metatron-gmbh.de\" \/>\n<meta property=\"article:modified_time\" content=\"2024-02-07T20:51:44+00:00\" \/>\n<meta property=\"og:image\" content=\"https:\/\/metatron-gmbh.de\/wp-content\/uploads\/2023\/08\/metatron-personaldieistungen.jpg\" \/>\n\t<meta property=\"og:image:width\" content=\"1500\" \/>\n\t<meta property=\"og:image:height\" content=\"750\" \/>\n\t<meta property=\"og:image:type\" content=\"image\/jpeg\" \/>\n<meta name=\"twitter:card\" content=\"summary_large_image\" \/>\n<script type=\"application\/ld+json\" class=\"yoast-schema-graph\">{\"@context\":\"https:\/\/schema.org\",\"@graph\":[{\"@type\":\"WebPage\",\"@id\":\"https:\/\/metatron-gmbh.de\/personaldienstleistungen\/\",\"url\":\"https:\/\/metatron-gmbh.de\/personaldienstleistungen\/\",\"name\":\"Personaldienstleistungen - metatron-gmbh.de\",\"isPartOf\":{\"@id\":\"https:\/\/metatron-gmbh.de\/#website\"},\"datePublished\":\"2014-12-23T14:24:53+00:00\",\"dateModified\":\"2024-02-07T20:51:44+00:00\",\"description\":\"QUALIFIZIERTES UND GESCHULTES FACHPERSONAL UND EUROPAWEITE PROJEKTE. Spezialisierung bedeutet Vorsprung. So garantieren wir unseren Kunden, dass wir ihre Anforderungen verstehen und sie dadurch optimal bei der Auswahl der ben\u00f6tigten Spezialisten unterst\u00fctzen k\u00f6nnen.\",\"breadcrumb\":{\"@id\":\"https:\/\/metatron-gmbh.de\/personaldienstleistungen\/#breadcrumb\"},\"inLanguage\":\"hr\",\"potentialAction\":[{\"@type\":\"ReadAction\",\"target\":[\"https:\/\/metatron-gmbh.de\/personaldienstleistungen\/\"]}]},{\"@type\":\"BreadcrumbList\",\"@id\":\"https:\/\/metatron-gmbh.de\/personaldienstleistungen\/#breadcrumb\",\"itemListElement\":[{\"@type\":\"ListItem\",\"position\":1,\"name\":\"Po\u010detna stranica\",\"item\":\"https:\/\/metatron-gmbh.de\/\"},{\"@type\":\"ListItem\",\"position\":2,\"name\":\"Personaldienstleistungen\"}]},{\"@type\":\"WebSite\",\"@id\":\"https:\/\/metatron-gmbh.de\/#website\",\"url\":\"https:\/\/metatron-gmbh.de\/\",\"name\":\"metatron-gmbh.de\",\"description\":\"\",\"publisher\":{\"@id\":\"https:\/\/metatron-gmbh.de\/#organization\"},\"potentialAction\":[{\"@type\":\"SearchAction\",\"target\":{\"@type\":\"EntryPoint\",\"urlTemplate\":\"https:\/\/metatron-gmbh.de\/?s={search_term_string}\"},\"query-input\":{\"@type\":\"PropertyValueSpecification\",\"valueRequired\":true,\"valueName\":\"search_term_string\"}}],\"inLanguage\":\"hr\"},{\"@type\":\"Organization\",\"@id\":\"https:\/\/metatron-gmbh.de\/#organization\",\"name\":\"metatron-gmbh.de\",\"url\":\"https:\/\/metatron-gmbh.de\/\",\"logo\":{\"@type\":\"ImageObject\",\"inLanguage\":\"hr\",\"@id\":\"https:\/\/metatron-gmbh.de\/#\/schema\/logo\/image\/\",\"url\":\"https:\/\/metatron-gmbh.de\/wp-content\/uploads\/2023\/07\/cropped-metatron-logo-bookman_VSV.png\",\"contentUrl\":\"https:\/\/metatron-gmbh.de\/wp-content\/uploads\/2023\/07\/cropped-metatron-logo-bookman_VSV.png\",\"width\":1691,\"height\":385,\"caption\":\"metatron-gmbh.de\"},\"image\":{\"@id\":\"https:\/\/metatron-gmbh.de\/#\/schema\/logo\/image\/\"}}]}<\/script>\n<!-- \/ Yoast SEO plugin. -->","yoast_head_json":{"title":"Personaldienstleistungen - metatron-gmbh.de","description":"QUALIFIZIERTES UND GESCHULTES FACHPERSONAL UND EUROPAWEITE PROJEKTE. Spezialisierung bedeutet Vorsprung. So garantieren wir unseren Kunden, dass wir ihre Anforderungen verstehen und sie dadurch optimal bei der Auswahl der ben\u00f6tigten Spezialisten unterst\u00fctzen k\u00f6nnen.","robots":{"index":"index","follow":"follow","max-snippet":"max-snippet:-1","max-image-preview":"max-image-preview:large","max-video-preview":"max-video-preview:-1"},"canonical":"https:\/\/metatron-gmbh.de\/hr\/personaldienstleistungen\/","og_locale":"hr_HR","og_type":"article","og_title":"Personaldienstleistungen - metatron-gmbh.de","og_description":"QUALIFIZIERTES UND GESCHULTES FACHPERSONAL UND EUROPAWEITE PROJEKTE. Spezialisierung bedeutet Vorsprung. So garantieren wir unseren Kunden, dass wir ihre Anforderungen verstehen und sie dadurch optimal bei der Auswahl der ben\u00f6tigten Spezialisten unterst\u00fctzen k\u00f6nnen.","og_url":"https:\/\/metatron-gmbh.de\/hr\/personaldienstleistungen\/","og_site_name":"metatron-gmbh.de","article_modified_time":"2024-02-07T20:51:44+00:00","og_image":[{"width":1500,"height":750,"url":"https:\/\/metatron-gmbh.de\/wp-content\/uploads\/2023\/08\/metatron-personaldieistungen.jpg","type":"image\/jpeg"}],"twitter_card":"summary_large_image","schema":{"@context":"https:\/\/schema.org","@graph":[{"@type":"WebPage","@id":"https:\/\/metatron-gmbh.de\/personaldienstleistungen\/","url":"https:\/\/metatron-gmbh.de\/personaldienstleistungen\/","name":"Personaldienstleistungen - metatron-gmbh.de","isPartOf":{"@id":"https:\/\/metatron-gmbh.de\/#website"},"datePublished":"2014-12-23T14:24:53+00:00","dateModified":"2024-02-07T20:51:44+00:00","description":"QUALIFIZIERTES UND GESCHULTES FACHPERSONAL UND EUROPAWEITE PROJEKTE. Spezialisierung bedeutet Vorsprung. So garantieren wir unseren Kunden, dass wir ihre Anforderungen verstehen und sie dadurch optimal bei der Auswahl der ben\u00f6tigten Spezialisten unterst\u00fctzen k\u00f6nnen.","breadcrumb":{"@id":"https:\/\/metatron-gmbh.de\/personaldienstleistungen\/#breadcrumb"},"inLanguage":"hr","potentialAction":[{"@type":"ReadAction","target":["https:\/\/metatron-gmbh.de\/personaldienstleistungen\/"]}]},{"@type":"BreadcrumbList","@id":"https:\/\/metatron-gmbh.de\/personaldienstleistungen\/#breadcrumb","itemListElement":[{"@type":"ListItem","position":1,"name":"Po\u010detna stranica","item":"https:\/\/metatron-gmbh.de\/"},{"@type":"ListItem","position":2,"name":"Personaldienstleistungen"}]},{"@type":"WebSite","@id":"https:\/\/metatron-gmbh.de\/#website","url":"https:\/\/metatron-gmbh.de\/","name":"metatron-gmbh.de","description":"","publisher":{"@id":"https:\/\/metatron-gmbh.de\/#organization"},"potentialAction":[{"@type":"SearchAction","target":{"@type":"EntryPoint","urlTemplate":"https:\/\/metatron-gmbh.de\/?s={search_term_string}"},"query-input":{"@type":"PropertyValueSpecification","valueRequired":true,"valueName":"search_term_string"}}],"inLanguage":"hr"},{"@type":"Organization","@id":"https:\/\/metatron-gmbh.de\/#organization","name":"metatron-gmbh.de","url":"https:\/\/metatron-gmbh.de\/","logo":{"@type":"ImageObject","inLanguage":"hr","@id":"https:\/\/metatron-gmbh.de\/#\/schema\/logo\/image\/","url":"https:\/\/metatron-gmbh.de\/wp-content\/uploads\/2023\/07\/cropped-metatron-logo-bookman_VSV.png","contentUrl":"https:\/\/metatron-gmbh.de\/wp-content\/uploads\/2023\/07\/cropped-metatron-logo-bookman_VSV.png","width":1691,"height":385,"caption":"metatron-gmbh.de"},"image":{"@id":"https:\/\/metatron-gmbh.de\/#\/schema\/logo\/image\/"}}]}},"_links":{"self":[{"href":"https:\/\/metatron-gmbh.de\/hr\/wp-json\/wp\/v2\/pages\/70","targetHints":{"allow":["GET"]}}],"collection":[{"href":"https:\/\/metatron-gmbh.de\/hr\/wp-json\/wp\/v2\/pages"}],"about":[{"href":"https:\/\/metatron-gmbh.de\/hr\/wp-json\/wp\/v2\/types\/page"}],"author":[{"embeddable":true,"href":"https:\/\/metatron-gmbh.de\/hr\/wp-json\/wp\/v2\/users\/1"}],"replies":[{"embeddable":true,"href":"https:\/\/metatron-gmbh.de\/hr\/wp-json\/wp\/v2\/comments?post=70"}],"version-history":[{"count":2,"href":"https:\/\/metatron-gmbh.de\/hr\/wp-json\/wp\/v2\/pages\/70\/revisions"}],"predecessor-version":[{"id":211,"href":"https:\/\/metatron-gmbh.de\/hr\/wp-json\/wp\/v2\/pages\/70\/revisions\/211"}],"wp:attachment":[{"href":"https:\/\/metatron-gmbh.de\/hr\/wp-json\/wp\/v2\/media?parent=70"}],"curies":[{"name":"wp","href":"https:\/\/api.w.org\/{rel}","templated":true}]}}