{"id":345,"date":"2024-02-14T23:46:46","date_gmt":"2024-02-14T22:46:46","guid":{"rendered":"https:\/\/metatron-gmbh.de\/?page_id=345"},"modified":"2024-02-26T18:58:15","modified_gmt":"2024-02-26T17:58:15","slug":"solaranlagen","status":"publish","type":"page","link":"https:\/\/metatron-gmbh.de\/hr\/solarni-paneli\/","title":{"rendered":"Solarni paneli"},"content":{"rendered":"","protected":false},"excerpt":{"rendered":"","protected":false},"author":1,"featured_media":0,"parent":0,"menu_order":0,"comment_status":"open","ping_status":"closed","template":"","meta":{"footnotes":""},"class_list":["post-345","page","type-page","status-publish","hentry"],"yoast_head":"<!-- This site is optimized with the Yoast SEO plugin v23.4 - https:\/\/yoast.com\/wordpress\/plugins\/seo\/ -->\n<title>Solaranlagen - metatron-gmbh.de<\/title>\n<meta name=\"description\" content=\"Stahl wird aufgrund seiner Festigkeit, Haltbarkeit und F\u00e4higkeit, das Gewicht von \u00dcbertragungskabeln \u00fcber gro\u00dfe Entfernungen zu tragen, h\u00e4ufig beim Bau von Stromleitungen verwendet.\" \/>\n<meta name=\"robots\" content=\"index, follow, max-snippet:-1, max-image-preview:large, max-video-preview:-1\" \/>\n<link rel=\"canonical\" href=\"https:\/\/metatron-gmbh.de\/hr\/solarni-paneli\/\" \/>\n<meta property=\"og:locale\" content=\"hr_HR\" \/>\n<meta property=\"og:type\" content=\"article\" \/>\n<meta property=\"og:title\" content=\"Solaranlagen - metatron-gmbh.de\" \/>\n<meta property=\"og:description\" content=\"Stahl wird aufgrund seiner Festigkeit, Haltbarkeit und F\u00e4higkeit, das Gewicht von \u00dcbertragungskabeln \u00fcber gro\u00dfe Entfernungen zu tragen, h\u00e4ufig beim Bau von Stromleitungen verwendet.\" \/>\n<meta property=\"og:url\" content=\"https:\/\/metatron-gmbh.de\/hr\/solarni-paneli\/\" \/>\n<meta property=\"og:site_name\" content=\"metatron-gmbh.de\" \/>\n<meta property=\"article:modified_time\" content=\"2024-02-26T17:58:15+00:00\" \/>\n<meta name=\"twitter:card\" content=\"summary_large_image\" \/>\n<meta name=\"twitter:label1\" content=\"Procijenjeno vrijeme \u010ditanja\" \/>\n\t<meta name=\"twitter:data1\" content=\"1 minuta\" \/>\n<script type=\"application\/ld+json\" class=\"yoast-schema-graph\">{\"@context\":\"https:\/\/schema.org\",\"@graph\":[{\"@type\":\"WebPage\",\"@id\":\"https:\/\/metatron-gmbh.de\/solaranlagen\/\",\"url\":\"https:\/\/metatron-gmbh.de\/solaranlagen\/\",\"name\":\"Solaranlagen - metatron-gmbh.de\",\"isPartOf\":{\"@id\":\"https:\/\/metatron-gmbh.de\/#website\"},\"datePublished\":\"2024-02-14T22:46:46+00:00\",\"dateModified\":\"2024-02-26T17:58:15+00:00\",\"description\":\"Stahl wird aufgrund seiner Festigkeit, Haltbarkeit und F\u00e4higkeit, das Gewicht von \u00dcbertragungskabeln \u00fcber gro\u00dfe Entfernungen zu tragen, h\u00e4ufig beim Bau von Stromleitungen verwendet.\",\"breadcrumb\":{\"@id\":\"https:\/\/metatron-gmbh.de\/solaranlagen\/#breadcrumb\"},\"inLanguage\":\"hr\",\"potentialAction\":[{\"@type\":\"ReadAction\",\"target\":[\"https:\/\/metatron-gmbh.de\/solaranlagen\/\"]}]},{\"@type\":\"BreadcrumbList\",\"@id\":\"https:\/\/metatron-gmbh.de\/solaranlagen\/#breadcrumb\",\"itemListElement\":[{\"@type\":\"ListItem\",\"position\":1,\"name\":\"Po\u010detna stranica\",\"item\":\"https:\/\/metatron-gmbh.de\/\"},{\"@type\":\"ListItem\",\"position\":2,\"name\":\"Solaranlagen\"}]},{\"@type\":\"WebSite\",\"@id\":\"https:\/\/metatron-gmbh.de\/#website\",\"url\":\"https:\/\/metatron-gmbh.de\/\",\"name\":\"metatron-gmbh.de\",\"description\":\"\",\"publisher\":{\"@id\":\"https:\/\/metatron-gmbh.de\/#organization\"},\"potentialAction\":[{\"@type\":\"SearchAction\",\"target\":{\"@type\":\"EntryPoint\",\"urlTemplate\":\"https:\/\/metatron-gmbh.de\/?s={search_term_string}\"},\"query-input\":{\"@type\":\"PropertyValueSpecification\",\"valueRequired\":true,\"valueName\":\"search_term_string\"}}],\"inLanguage\":\"hr\"},{\"@type\":\"Organization\",\"@id\":\"https:\/\/metatron-gmbh.de\/#organization\",\"name\":\"metatron-gmbh.de\",\"url\":\"https:\/\/metatron-gmbh.de\/\",\"logo\":{\"@type\":\"ImageObject\",\"inLanguage\":\"hr\",\"@id\":\"https:\/\/metatron-gmbh.de\/#\/schema\/logo\/image\/\",\"url\":\"https:\/\/metatron-gmbh.de\/wp-content\/uploads\/2023\/07\/cropped-metatron-logo-bookman_VSV.png\",\"contentUrl\":\"https:\/\/metatron-gmbh.de\/wp-content\/uploads\/2023\/07\/cropped-metatron-logo-bookman_VSV.png\",\"width\":1691,\"height\":385,\"caption\":\"metatron-gmbh.de\"},\"image\":{\"@id\":\"https:\/\/metatron-gmbh.de\/#\/schema\/logo\/image\/\"}}]}<\/script>\n<!-- \/ Yoast SEO plugin. -->","yoast_head_json":{"title":"Solaranlagen - metatron-gmbh.de","description":"Stahl wird aufgrund seiner Festigkeit, Haltbarkeit und F\u00e4higkeit, das Gewicht von \u00dcbertragungskabeln \u00fcber gro\u00dfe Entfernungen zu tragen, h\u00e4ufig beim Bau von Stromleitungen verwendet.","robots":{"index":"index","follow":"follow","max-snippet":"max-snippet:-1","max-image-preview":"max-image-preview:large","max-video-preview":"max-video-preview:-1"},"canonical":"https:\/\/metatron-gmbh.de\/hr\/solarni-paneli\/","og_locale":"hr_HR","og_type":"article","og_title":"Solaranlagen - metatron-gmbh.de","og_description":"Stahl wird aufgrund seiner Festigkeit, Haltbarkeit und F\u00e4higkeit, das Gewicht von \u00dcbertragungskabeln \u00fcber gro\u00dfe Entfernungen zu tragen, h\u00e4ufig beim Bau von Stromleitungen verwendet.","og_url":"https:\/\/metatron-gmbh.de\/hr\/solarni-paneli\/","og_site_name":"metatron-gmbh.de","article_modified_time":"2024-02-26T17:58:15+00:00","twitter_card":"summary_large_image","twitter_misc":{"Procijenjeno vrijeme \u010ditanja":"1 minuta"},"schema":{"@context":"https:\/\/schema.org","@graph":[{"@type":"WebPage","@id":"https:\/\/metatron-gmbh.de\/solaranlagen\/","url":"https:\/\/metatron-gmbh.de\/solaranlagen\/","name":"Solaranlagen - metatron-gmbh.de","isPartOf":{"@id":"https:\/\/metatron-gmbh.de\/#website"},"datePublished":"2024-02-14T22:46:46+00:00","dateModified":"2024-02-26T17:58:15+00:00","description":"Stahl wird aufgrund seiner Festigkeit, Haltbarkeit und F\u00e4higkeit, das Gewicht von \u00dcbertragungskabeln \u00fcber gro\u00dfe Entfernungen zu tragen, h\u00e4ufig beim Bau von Stromleitungen verwendet.","breadcrumb":{"@id":"https:\/\/metatron-gmbh.de\/solaranlagen\/#breadcrumb"},"inLanguage":"hr","potentialAction":[{"@type":"ReadAction","target":["https:\/\/metatron-gmbh.de\/solaranlagen\/"]}]},{"@type":"BreadcrumbList","@id":"https:\/\/metatron-gmbh.de\/solaranlagen\/#breadcrumb","itemListElement":[{"@type":"ListItem","position":1,"name":"Po\u010detna stranica","item":"https:\/\/metatron-gmbh.de\/"},{"@type":"ListItem","position":2,"name":"Solaranlagen"}]},{"@type":"WebSite","@id":"https:\/\/metatron-gmbh.de\/#website","url":"https:\/\/metatron-gmbh.de\/","name":"metatron-gmbh.de","description":"","publisher":{"@id":"https:\/\/metatron-gmbh.de\/#organization"},"potentialAction":[{"@type":"SearchAction","target":{"@type":"EntryPoint","urlTemplate":"https:\/\/metatron-gmbh.de\/?s={search_term_string}"},"query-input":{"@type":"PropertyValueSpecification","valueRequired":true,"valueName":"search_term_string"}}],"inLanguage":"hr"},{"@type":"Organization","@id":"https:\/\/metatron-gmbh.de\/#organization","name":"metatron-gmbh.de","url":"https:\/\/metatron-gmbh.de\/","logo":{"@type":"ImageObject","inLanguage":"hr","@id":"https:\/\/metatron-gmbh.de\/#\/schema\/logo\/image\/","url":"https:\/\/metatron-gmbh.de\/wp-content\/uploads\/2023\/07\/cropped-metatron-logo-bookman_VSV.png","contentUrl":"https:\/\/metatron-gmbh.de\/wp-content\/uploads\/2023\/07\/cropped-metatron-logo-bookman_VSV.png","width":1691,"height":385,"caption":"metatron-gmbh.de"},"image":{"@id":"https:\/\/metatron-gmbh.de\/#\/schema\/logo\/image\/"}}]}},"_links":{"self":[{"href":"https:\/\/metatron-gmbh.de\/hr\/wp-json\/wp\/v2\/pages\/345","targetHints":{"allow":["GET"]}}],"collection":[{"href":"https:\/\/metatron-gmbh.de\/hr\/wp-json\/wp\/v2\/pages"}],"about":[{"href":"https:\/\/metatron-gmbh.de\/hr\/wp-json\/wp\/v2\/types\/page"}],"author":[{"embeddable":true,"href":"https:\/\/metatron-gmbh.de\/hr\/wp-json\/wp\/v2\/users\/1"}],"replies":[{"embeddable":true,"href":"https:\/\/metatron-gmbh.de\/hr\/wp-json\/wp\/v2\/comments?post=345"}],"version-history":[{"count":2,"href":"https:\/\/metatron-gmbh.de\/hr\/wp-json\/wp\/v2\/pages\/345\/revisions"}],"predecessor-version":[{"id":354,"href":"https:\/\/metatron-gmbh.de\/hr\/wp-json\/wp\/v2\/pages\/345\/revisions\/354"}],"wp:attachment":[{"href":"https:\/\/metatron-gmbh.de\/hr\/wp-json\/wp\/v2\/media?parent=345"}],"curies":[{"name":"wp","href":"https:\/\/api.w.org\/{rel}","templated":true}]}}