{"id":3,"date":"2023-06-26T10:28:52","date_gmt":"2023-06-26T08:28:52","guid":{"rendered":"http:\/\/metatron-gmbh.de\/?page_id=3"},"modified":"2023-08-09T11:23:41","modified_gmt":"2023-08-09T09:23:41","slug":"datenschutzerklaerung","status":"publish","type":"page","link":"https:\/\/metatron-gmbh.de\/hr\/datenschutzerklaerung\/","title":{"rendered":"Datenschutzerkl\u00e4rung"},"content":{"rendered":"<p>Ihre Daten werden im Rahmen der Zusendung von Informationen \u00fcber unsere Angebote, Neuigkeiten und Veranstaltungen verarbeitet. In allen E-Mails besteht die M\u00f6glichkeit sich von der Empf\u00e4ngerliste abzumelden.<\/p>\n\n\n\n<p>Gem\u00e4\u03b2 der DSGVO wird Ihnen auf Ihren Antrag der Zugang zu den Daten gew\u00e4hrt, sowie eventuelle Berichtigung der Daten.<\/p>\n\n\n\n<p>Der Schutz Ihrer pers\u00f6nlichen Daten bedeutet, dass:<\/p>\n\n\n\n<ul class=\"wp-block-list\">\n<li>Ihre Daten werden niemals missbraucht.<\/li>\n\n\n\n<li>Ihre Kontakt- und pers\u00f6nliche Daten werden nicht an Dritte weitergegeben<\/li>\n\n\n\n<li>Ihre Kontakt- und pers\u00f6nlichen Daten werden nur mit Ihrer Zustimmung an Dritte weitergegeben<\/li>\n\n\n\n<li>Sie k\u00f6nnen sich jederzeit von unseren E-Mail-Liste abmelden.<\/li>\n<\/ul>\n\n\n\n<p>Alle unsere Online-Aktivit\u00e4ten sind in der \u00dcbereinstimmung mit den EU-Richtlinien (EU-Richtlinie 95\/46 \/ EG, 2002\/58\/EG und Treaty Conventions ETS 108, ETS 181, ETS 185, ETS 189) und der nationalen Rechtsvorschriften der Republik Kroatien (das Gesetz \u00fcber den Schutz personenbezogener Daten, das Gesetz \u00fcber den elektronischen Gesch\u00e4ftsverkehr, usw.).<\/p>\n\n\n\n<p>METATRON verpflichtet sich die personenbezogenen Daten der Kunden zu sch\u00fctzen, indem die Firma nur die wesentlichen, grundlegenden Daten sammelt, die f\u00fcr die Erf\u00fcllung unserer Verpflichtungen wichtig sind, und die Kunden \u00fcber die Art und Weise der Verarbeitung informiert, den Kunden regelm\u00e4\u03b2ig die Auswahl anbietet, wie ihre Daten verarbeitet werden, einschlie\u03b2lich die Entscheidung, ob sie m\u00f6chten oder nicht ihren Namen aus der Liste welche f\u00fcr Marketing verwendet wird l\u00f6schen. Alle Kundendaten werden aufmerksam aufbewahrt und nur den Mitarbeitern zug\u00e4nglich, welche diese Daten ben\u00f6tigen, um ihre Aufgabe durchzuf\u00fchren. Alle Mitarbeiter der METATRON und unsere Gesch\u00e4ftspartner sind verpflichtet die Grunds\u00e4tze des Datenschutzes einzuhalten.<\/p>\n\n\n\n<p>Die Webseiten enthalten Informationen \u00fcber Produkte und Dienstleistungen von METATRON. Die Webseiten dienen als die elektronische Verkaufsstelle der Firma. METATRON GmbH \u00fcbernimmt keine Haftung f\u00fcr Sch\u00e4den, die als Folge der Datenverwendung au\u03b2er den vorgesehenen Rahmen entstehen k\u00f6nnen. METATRON verpflichtet sich maximale Sicherheitsma\u03b2nahmen zu ergreifen, um die Interessen der Kunden zu sch\u00fctzen und den m\u00f6glichen Mi\u03b2brauch von Daten zu verhindern.<\/p>\n\n\n\n<p>METATRON kann nicht f\u00fcr Sch\u00e4den haftbar gemacht werden welche als Folge der technischen Sicherheitsl\u00fccken auf der Webseite entstanden sind oder der Unterlassung eines Mitarbeiters.<\/p>\n\n\n\n<p><strong>UNSERE ANSICHTEN GEGEN\u00dcBER PRIVATSPH\u00c4RE UND DATENSCHUTZ<\/strong><\/p>\n\n\n\n<ul class=\"wp-block-list\">\n<li>Schutz der Privatsph\u00e4re und Datenschutz sind Menschenrechte<\/li>\n\n\n\n<li>Wir sind verpflichtet sich um Kunden und deren Datenschutz zu k\u00fcmmern<\/li>\n\n\n\n<li>Daten liegen in unserer Verantwortung, sie werden nur erfasst und verarbeitet, wenn es wirklich notwendig ist<\/li>\n\n\n\n<li>Wir m\u00f6gen SPAM nicht und wir unterst\u00fctzen es auch nicht!<\/li>\n\n\n\n<li>Wir werden Ihre pers\u00f6nlichen Daten niemals verkaufen, vermieten oder auf irgendeine andere Weise weiterleiten oder ver\u00f6ffentlichen<\/li>\n<\/ul>\n\n\n\n<p><strong>DER MA\u03b2GEBLICHE RECHTSRAHMEN<\/strong><\/p>\n\n\n\n<p>Zusammen mit unseren Unternehmens- und internen Computersystemen ist diese Website in der \u00dcbereinstimmung mit nachfolgenden gestaltet:<\/p>\n\n\n\n<ul class=\"wp-block-list\">\n<li><a href=\"http:\/\/eur-lex.europa.eu\/legal-content\/HR\/TXT\/?uri=CELEX%3A31995L0046\">EU-Datenschutzrichtlinie<\/a><\/li>\n\n\n\n<li><a href=\"https:\/\/www.zakon.hr\/z\/193\/Zakon-o-za%C5%A1titi-potro%C5%A1a%C4%8Da\">Verbraucherschutzgesetz<\/a><\/li>\n\n\n\n<li><a href=\"https:\/\/www.zakon.hr\/z\/220\/Zakon-o-za%C5%A1titi-osobnih-podataka\">Datenschutzgrundverordnung<\/a><\/li>\n\n\n\n<li><a href=\"http:\/\/eur-lex.europa.eu\/legal-content\/HR\/TXT\/?uri=CELEX%3A31995L0046\">Datenschutzgesetz (GDPR)<\/a><\/li>\n<\/ul>\n\n\n\n<p>EU-DATENSCHUTZGRUNDVERORDNUNG (GDPR)<\/p>\n\n\n\n<p>Die \u00dcbereinstimmung dieser Webseite mit der oben genannten Verordnung bedeutet, dass diese Webseite mit den Verordnungen \u00fcber Datenschutz und Privatsph\u00e4re des Benutzers \u00fcbereinstimmt, welche in vielen anderen L\u00e4ndern gelten. Wenn Sie nicht sicher sind, ob diese Webseite in der \u00dcbereinstimmung mit der Sonderregelung \u00fcber Datenschutz in ihrer Heimat ist, nehmen Sie mit unserem Datenschutzbeauftragen Kontakt auf ( die Einzelheiten dar\u00fcber finden Sie in dem Artikel 7), um die Angelegenheit klarzustellen.<\/p>\n\n\n\n<p><strong>DIE PERSONENBEZOGENEN DATEN DIE ERHOBEN WERDEN UND WARUM SIE ERHOBEN WERDEN<\/strong><\/p>\n\n\n\n<p>Diese Webseite erhebt und verarbeitet personenbezogene Daten aus folgenden Gr\u00fcnden:<\/p>\n\n\n\n<p><strong>Monitoring des Webseitenbesuchs<\/strong><\/p>\n\n\n\n<p>Wie die meisten Webseiten, verwendet diese Webseite Google Analytics (GA) um die Interaktion des Benutzers zu verfolgen. Wir verwenden diese Daten um die Anzahl der Besucher, welche unsere Webseite nutzen, und die Art des Webseitenbesuchs zu bestimmen.<\/p>\n\n\n\n<p>Obwohl GA die Daten speichert, wie zum Beispiel Ihren geographischen Standort, Ihr Ger\u00e4t, Internet-Browser und Ihr Betriebssystem, keine dieser Daten k\u00f6nnen Ihre Person identifizieren. GA zeichnet auch die IP-Adresse Ihres Computers auf, die f\u00fcr die pers\u00f6nliche Identifizierung verwendet wird, jedoch gew\u00e4hrt uns Google da keinen Zugang. Google wird als Auftragsverarbeiter, bzw., als \u02ddDritter\u02dd angesehen (n\u00e4heres dazu in dem nachfolgenden Artikel 4).<\/p>\n\n\n\n<p>GA verwendet Cookies. N\u00e4here Informationen zu den Nutzungsbedingungen und den Datenschutz bei Google finden Sie in dem Google-Entwicklerhandbuch. Unsere Webseite verwendet die Implementierung der GA-Analytics.<\/p>\n\n\n\n<p>Betroffene Personen k\u00f6nnen die Erfassung der Daten und Webseite-Monitoring f\u00fcr irgendeinen Teil dieser Webseite durch Google-Analytics verhindern, damit Cookies in dem verwendeten Internet-Browser deaktiviert werden.<\/p>\n\n\n\n<p><strong>Kontakt-E-Mail Adresse<\/strong><\/p>\n\n\n\n<p>Wenn Sie sich entscheiden uns per&nbsp;Kontakt E-Mail-Adresse&nbsp;zu kontaktieren, keine der Daten, welche Sie eintragen, wird auf dieser Website gespeichert oder \u00fcbertragen\/ verarbeitet durch einen Dritten- Auftragsverarbeiter, im Sinne des Artikels 6. Stattdessen werden die Daten in der E-Mail Adresse aufgezeichnet und uns per SMTP (Simple Mail Transfer Protocol) gesendet. Unsere SMTP-Server sind durch TLS (manchmal auch als SSL bezeichnet) gesch\u00fctzt, was bedeutet dass, der E-Mail-Inhalt mit der SHA-2-256-Bit-Kryptographie verschl\u00fcsselt wird, bevor er \u00fcber das Internet gesendet wird. E-Mail-Inhalte werden von unseren lokalen Computern und Ger\u00e4ten entschl\u00fcsselt.<\/p>\n\n\n\n<p><strong>PARTNER FIRMEN, WELCHE DIE DATEN VERARBEITEN (DRITTE PERSONEN)<\/strong><\/p>\n\n\n\n<p>Wir verwenden eine bestimmte Anzahl der Dienstleistungen von unseren Gesch\u00e4ftspartnern, die Daten in unseren Namen verarbeiten. Diese Firmen werden sorgf\u00e4ltig ausgew\u00e4hlt und alles l\u00e4uft in der \u00dcbereinstimmung mit den Vorschriften im Sinne des Artikels 2.<\/p>\n\n\n\n<p><strong>VERLETZUNG DES DATENSCHUTZES<\/strong><\/p>\n\n\n\n<p>\u00dcber jede Datenschutzverletzung aus unserer Basis oder Basis von einem unserer Partner werden wir zust\u00e4ndige Personen und zust\u00e4ndige Beh\u00f6rden innerhalb von 72 Stunden nach der Verletzung informieren, wenn es festgestellt wird, dass die gestohlenen Daten in der Weise gespeichert werden, dass sie die Identit\u00e4t des Dateninhabers offenbaren k\u00f6nnten.<\/p>\n\n\n\n<p><strong>\u00c4NDERUNGEN DER DATENSCHUTZERKL\u00c4RUNG<\/strong><\/p>\n\n\n\n<p>Diese Datenschutzerkl\u00e4rung kann ab und zu in \u00dcbereinstimmung mit den gesetzlichen Richtlinien oder der Entwicklung der Branche ge\u00e4ndert werden. Wir werden unsere Kunden oder Website-Nutzer nicht ausdr\u00fccklich \u00fcber diese \u00c4nderungen informieren. Wir empfehlen stattdessen, diese Seite f\u00fcr die \u00c4nderungen \u00f6fters zu \u00fcberpr\u00fcfen.<\/p>\n\n\n\n<p>Hier k\u00f6nnen Sie nachsehen, welche Daten wir gespeichert haben und auch die L\u00f6schung dieser Daten beantragen. Geben Sie Ihre E-Mail-Adresse ein und Sie bekommen ein E-Mail mit einem Link, wo sie genau sehen k\u00f6nnen welche Ihrer Daten wir gespeichert haben.<\/p>\n\n\n\n<h5 class=\"wp-block-heading\"><a href=\"https:\/\/metatron-gmbh.de\/hr\/kontakt\/\">Kontakt<\/a><\/h5>","protected":false},"excerpt":{"rendered":"<p>Ihre Daten werden im Rahmen der Zusendung von Informationen \u00fcber unsere Angebote, Neuigkeiten und Veranstaltungen verarbeitet. In allen E-Mails besteht die M\u00f6glichkeit sich von der Empf\u00e4ngerliste<span class=\"excerpt-hellip\"> [\u2026]<\/span><\/p>","protected":false},"author":1,"featured_media":0,"parent":0,"menu_order":0,"comment_status":"closed","ping_status":"open","template":"","meta":{"footnotes":""},"class_list":["post-3","page","type-page","status-publish","hentry"],"yoast_head":"<!-- This site is optimized with the Yoast SEO plugin v23.4 - https:\/\/yoast.com\/wordpress\/plugins\/seo\/ -->\n<title>Datenschutzerkl\u00e4rung - metatron-gmbh.de<\/title>\n<meta name=\"robots\" content=\"index, follow, max-snippet:-1, max-image-preview:large, max-video-preview:-1\" \/>\n<link rel=\"canonical\" href=\"https:\/\/metatron-gmbh.de\/hr\/datenschutzerklaerung\/\" \/>\n<meta property=\"og:locale\" content=\"hr_HR\" \/>\n<meta property=\"og:type\" content=\"article\" \/>\n<meta property=\"og:title\" content=\"Datenschutzerkl\u00e4rung - metatron-gmbh.de\" \/>\n<meta property=\"og:description\" content=\"Ihre Daten werden im Rahmen der Zusendung von Informationen \u00fcber unsere Angebote, Neuigkeiten und Veranstaltungen verarbeitet. In allen E-Mails besteht die M\u00f6glichkeit sich von der Empf\u00e4ngerliste [\u2026]\" \/>\n<meta property=\"og:url\" content=\"https:\/\/metatron-gmbh.de\/hr\/datenschutzerklaerung\/\" \/>\n<meta property=\"og:site_name\" content=\"metatron-gmbh.de\" \/>\n<meta property=\"article:modified_time\" content=\"2023-08-09T09:23:41+00:00\" \/>\n<meta name=\"twitter:card\" content=\"summary_large_image\" \/>\n<meta name=\"twitter:label1\" content=\"Procijenjeno vrijeme \u010ditanja\" \/>\n\t<meta name=\"twitter:data1\" content=\"6 minuta\" \/>\n<script type=\"application\/ld+json\" class=\"yoast-schema-graph\">{\"@context\":\"https:\/\/schema.org\",\"@graph\":[{\"@type\":\"WebPage\",\"@id\":\"https:\/\/metatron-gmbh.de\/datenschutzerklaerung\/\",\"url\":\"https:\/\/metatron-gmbh.de\/datenschutzerklaerung\/\",\"name\":\"Datenschutzerkl\u00e4rung - metatron-gmbh.de\",\"isPartOf\":{\"@id\":\"https:\/\/metatron-gmbh.de\/#website\"},\"datePublished\":\"2023-06-26T08:28:52+00:00\",\"dateModified\":\"2023-08-09T09:23:41+00:00\",\"breadcrumb\":{\"@id\":\"https:\/\/metatron-gmbh.de\/datenschutzerklaerung\/#breadcrumb\"},\"inLanguage\":\"hr\",\"potentialAction\":[{\"@type\":\"ReadAction\",\"target\":[\"https:\/\/metatron-gmbh.de\/datenschutzerklaerung\/\"]}]},{\"@type\":\"BreadcrumbList\",\"@id\":\"https:\/\/metatron-gmbh.de\/datenschutzerklaerung\/#breadcrumb\",\"itemListElement\":[{\"@type\":\"ListItem\",\"position\":1,\"name\":\"Po\u010detna stranica\",\"item\":\"https:\/\/metatron-gmbh.de\/\"},{\"@type\":\"ListItem\",\"position\":2,\"name\":\"Datenschutzerkl\u00e4rung\"}]},{\"@type\":\"WebSite\",\"@id\":\"https:\/\/metatron-gmbh.de\/#website\",\"url\":\"https:\/\/metatron-gmbh.de\/\",\"name\":\"metatron-gmbh.de\",\"description\":\"\",\"publisher\":{\"@id\":\"https:\/\/metatron-gmbh.de\/#organization\"},\"potentialAction\":[{\"@type\":\"SearchAction\",\"target\":{\"@type\":\"EntryPoint\",\"urlTemplate\":\"https:\/\/metatron-gmbh.de\/?s={search_term_string}\"},\"query-input\":{\"@type\":\"PropertyValueSpecification\",\"valueRequired\":true,\"valueName\":\"search_term_string\"}}],\"inLanguage\":\"hr\"},{\"@type\":\"Organization\",\"@id\":\"https:\/\/metatron-gmbh.de\/#organization\",\"name\":\"metatron-gmbh.de\",\"url\":\"https:\/\/metatron-gmbh.de\/\",\"logo\":{\"@type\":\"ImageObject\",\"inLanguage\":\"hr\",\"@id\":\"https:\/\/metatron-gmbh.de\/#\/schema\/logo\/image\/\",\"url\":\"https:\/\/metatron-gmbh.de\/wp-content\/uploads\/2023\/07\/cropped-metatron-logo-bookman_VSV.png\",\"contentUrl\":\"https:\/\/metatron-gmbh.de\/wp-content\/uploads\/2023\/07\/cropped-metatron-logo-bookman_VSV.png\",\"width\":1691,\"height\":385,\"caption\":\"metatron-gmbh.de\"},\"image\":{\"@id\":\"https:\/\/metatron-gmbh.de\/#\/schema\/logo\/image\/\"}}]}<\/script>\n<!-- \/ Yoast SEO plugin. -->","yoast_head_json":{"title":"Datenschutzerkl\u00e4rung - metatron-gmbh.de","robots":{"index":"index","follow":"follow","max-snippet":"max-snippet:-1","max-image-preview":"max-image-preview:large","max-video-preview":"max-video-preview:-1"},"canonical":"https:\/\/metatron-gmbh.de\/hr\/datenschutzerklaerung\/","og_locale":"hr_HR","og_type":"article","og_title":"Datenschutzerkl\u00e4rung - metatron-gmbh.de","og_description":"Ihre Daten werden im Rahmen der Zusendung von Informationen \u00fcber unsere Angebote, Neuigkeiten und Veranstaltungen verarbeitet. In allen E-Mails besteht die M\u00f6glichkeit sich von der Empf\u00e4ngerliste [\u2026]","og_url":"https:\/\/metatron-gmbh.de\/hr\/datenschutzerklaerung\/","og_site_name":"metatron-gmbh.de","article_modified_time":"2023-08-09T09:23:41+00:00","twitter_card":"summary_large_image","twitter_misc":{"Procijenjeno vrijeme \u010ditanja":"6 minuta"},"schema":{"@context":"https:\/\/schema.org","@graph":[{"@type":"WebPage","@id":"https:\/\/metatron-gmbh.de\/datenschutzerklaerung\/","url":"https:\/\/metatron-gmbh.de\/datenschutzerklaerung\/","name":"Datenschutzerkl\u00e4rung - metatron-gmbh.de","isPartOf":{"@id":"https:\/\/metatron-gmbh.de\/#website"},"datePublished":"2023-06-26T08:28:52+00:00","dateModified":"2023-08-09T09:23:41+00:00","breadcrumb":{"@id":"https:\/\/metatron-gmbh.de\/datenschutzerklaerung\/#breadcrumb"},"inLanguage":"hr","potentialAction":[{"@type":"ReadAction","target":["https:\/\/metatron-gmbh.de\/datenschutzerklaerung\/"]}]},{"@type":"BreadcrumbList","@id":"https:\/\/metatron-gmbh.de\/datenschutzerklaerung\/#breadcrumb","itemListElement":[{"@type":"ListItem","position":1,"name":"Po\u010detna stranica","item":"https:\/\/metatron-gmbh.de\/"},{"@type":"ListItem","position":2,"name":"Datenschutzerkl\u00e4rung"}]},{"@type":"WebSite","@id":"https:\/\/metatron-gmbh.de\/#website","url":"https:\/\/metatron-gmbh.de\/","name":"metatron-gmbh.de","description":"","publisher":{"@id":"https:\/\/metatron-gmbh.de\/#organization"},"potentialAction":[{"@type":"SearchAction","target":{"@type":"EntryPoint","urlTemplate":"https:\/\/metatron-gmbh.de\/?s={search_term_string}"},"query-input":{"@type":"PropertyValueSpecification","valueRequired":true,"valueName":"search_term_string"}}],"inLanguage":"hr"},{"@type":"Organization","@id":"https:\/\/metatron-gmbh.de\/#organization","name":"metatron-gmbh.de","url":"https:\/\/metatron-gmbh.de\/","logo":{"@type":"ImageObject","inLanguage":"hr","@id":"https:\/\/metatron-gmbh.de\/#\/schema\/logo\/image\/","url":"https:\/\/metatron-gmbh.de\/wp-content\/uploads\/2023\/07\/cropped-metatron-logo-bookman_VSV.png","contentUrl":"https:\/\/metatron-gmbh.de\/wp-content\/uploads\/2023\/07\/cropped-metatron-logo-bookman_VSV.png","width":1691,"height":385,"caption":"metatron-gmbh.de"},"image":{"@id":"https:\/\/metatron-gmbh.de\/#\/schema\/logo\/image\/"}}]}},"_links":{"self":[{"href":"https:\/\/metatron-gmbh.de\/hr\/wp-json\/wp\/v2\/pages\/3","targetHints":{"allow":["GET"]}}],"collection":[{"href":"https:\/\/metatron-gmbh.de\/hr\/wp-json\/wp\/v2\/pages"}],"about":[{"href":"https:\/\/metatron-gmbh.de\/hr\/wp-json\/wp\/v2\/types\/page"}],"author":[{"embeddable":true,"href":"https:\/\/metatron-gmbh.de\/hr\/wp-json\/wp\/v2\/users\/1"}],"replies":[{"embeddable":true,"href":"https:\/\/metatron-gmbh.de\/hr\/wp-json\/wp\/v2\/comments?post=3"}],"version-history":[{"count":2,"href":"https:\/\/metatron-gmbh.de\/hr\/wp-json\/wp\/v2\/pages\/3\/revisions"}],"predecessor-version":[{"id":288,"href":"https:\/\/metatron-gmbh.de\/hr\/wp-json\/wp\/v2\/pages\/3\/revisions\/288"}],"wp:attachment":[{"href":"https:\/\/metatron-gmbh.de\/hr\/wp-json\/wp\/v2\/media?parent=3"}],"curies":[{"name":"wp","href":"https:\/\/api.w.org\/{rel}","templated":true}]}}