{"id":284,"date":"2023-08-08T22:41:31","date_gmt":"2023-08-08T20:41:31","guid":{"rendered":"https:\/\/metatron-gmbh.de\/?page_id=284"},"modified":"2023-09-06T12:51:46","modified_gmt":"2023-09-06T10:51:46","slug":"allgemeine-geschaftsbedingungen","status":"publish","type":"page","link":"https:\/\/metatron-gmbh.de\/hr\/allgemeine-geschaftsbedingungen\/","title":{"rendered":"Allgemeine Gesch\u00e4ftsbedingungen"},"content":{"rendered":"<h4 class=\"wp-block-heading\"><strong>AGB<\/strong><\/h4>\n\n\n\n<h6 class=\"wp-block-heading\"><strong>ALLGEMEINE GESCH\u00c4FTSBEDINGUNGEN<\/strong><\/h6>\n\n\n\n<ol class=\"wp-block-list\">\n<li><strong>Beh\u00f6rdliche Genehmigung<\/strong><\/li>\n<\/ol>\n\n\n\n<p>METATRON GmbH besitzt die befristete Erlaubnis zur Arbeitnehmer\u00fcberlassung, zuletzt ausgestellt durch die Regionaldirektion N\u00fcrnberg der Bundesagentur f\u00fcr Arbeit.<\/p>\n\n\n\n<ol class=\"wp-block-list\" start=\"2\">\n<li><strong>Rechtsstellung der METATRON GmbH Mitarbeiter<\/strong><\/li>\n<\/ol>\n\n\n\n<p>Durch den Abschluss eines Arbeitnehmer\u00fcberlassungsvertrages wird kein Vertragsverh\u00e4ltnis zwischen METATRON GmbH Mitarbeitern und Kunde begr\u00fcndet. W\u00e4hrend des Einsatzes unterliegen METATRON GmbH Mitarbeiter den Arbeitsanweisungen des Kunden und arbeiten unter seiner Aufsicht und Anleitung. Sie sind zur Geheimhaltung verpflichtet. Das gilt f\u00fcr alle vertraulichen oder geheimhaltungsbed\u00fcrftigen Gesch\u00e4ftsangelegenheiten, von denen sie im Rahmen ihrer T\u00e4tigkeit erfahren.<\/p>\n\n\n\n<ol class=\"wp-block-list\" start=\"3\">\n<li><strong>Auswahl der METATRON GmbH Mitarbeiter<\/strong><\/li>\n<\/ol>\n\n\n\n<p>METATRON GmbH stellt dem Kunden sorgf\u00e4ltig ausgesuchte und auf die erforderliche berufliche Qualifikation \u00fcberpr\u00fcfte METATRON GmbH Mitarbeiter zur Verf\u00fcgung. Bei berechtigten Beanstandungen, die der Kunde innerhalb der ersten sechs Stunden nach Arbeitsaufnahme eines METATRON GmbH Mitarbeiters meldet, werden bis zu sechs Arbeitsstunden nicht berechnet. METATRON GmbH kann w\u00e4hrend des laufenden Einsatzes METATRON GmbH Mitarbeiter gegen andere, in gleicher Weise geeignete METATRON GmbH Mitarbeiter austauschen, sofern hierdurch nicht berechtigte Interessen des Kunden verletzt werden.<\/p>\n\n\n\n<ol class=\"wp-block-list\" start=\"4\">\n<li><strong>Einsatz der METATRON GmbH Mitarbeiter und Streik<\/strong><\/li>\n<\/ol>\n\n\n\n<p>Der Kunde setzt METATRON GmbH Mitarbeiter ausschlie\u00dflich an dem Ort und f\u00fcr die T\u00e4tigkeiten ein, die im Arbeitnehmer\u00fcberlassungsvertrag vereinbart wurden. Er l\u00e4sst die METATRON GmbH Mitarbeiter nur die entsprechenden Arbeitsmittel beziehungsweise Maschinen verwenden oder bedienen. \u00c4nderungen von Einsatzdauer, Arbeitszeit und Arbeitst\u00e4tigkeit k\u00f6nnen nur zwischen METATRON GmbH und dem Kunden vereinbart werden. Au\u00dferdem setzt der Kunde METATRON GmbH Mitarbeiter nicht f\u00fcr die Bef\u00f6rderung von Geld oder zum Geldinkasso ein und stellt METATRON GmbH insoweit ausdr\u00fccklich von allen Anspr\u00fcchen frei.<\/p>\n\n\n\n<p>Der Kunde zahlt METATRON GmbH Mitarbeitern keine Geldbetr\u00e4ge aus, auch keine L\u00f6hne oder Reisekostenvorsch\u00fcsse.<\/p>\n\n\n\n<p>Der Kunde informiert METATRON GmbH unverz\u00fcglich \u00fcber geplante Arbeitskampfma\u00dfnahmen, die seinen Betrieb unmittelbar betreffen. Sollte der Kunde von einem rechtm\u00e4\u00dfigen Arbeitskampf betroffen sein, werden die im Einsatz befindlichen Mitarbeiter abgezogen, es sei denn, der Einsatz soll im Rahmen eines f\u00fcr den Kundenbetrieb vereinbarten Notdienstes erfolgen und der Mitarbeiter stimmt dem Einsatz zu.<\/p>\n\n\n\n<ol class=\"wp-block-list\" start=\"5\">\n<li><strong>Allgemeine Pflichten von METATRON GmbH<\/strong><\/li>\n<\/ol>\n\n\n\n<p>METATRON GmbH verpflichtet sich, allen Arbeitgeberpflichten nachzukommen.<\/p>\n\n\n\n<ol class=\"wp-block-list\" start=\"6\">\n<li><strong>Allgemeine Pflichten des Kunden<\/strong><\/li>\n<\/ol>\n\n\n\n<p>Der Kunde h\u00e4lt beim Einsatz von METATRON GmbH Mitarbeitern die f\u00fcr seinen Betrieb geltenden gesetzlichen Vorschriften des Arbeitsschutzrechts (insbesondere Arbeitszeit und Arbeitssicherheit) ein.<\/p>\n\n\n\n<p>F\u00fcr eine eventuell notwendige beh\u00f6rdliche Zulassung von Mehr- und Sonntagsarbeit wird der Kunde Sorge tragen. Dar\u00fcber hinaus gibt der Kunde METATRON GmbH die au\u00dfergew\u00f6hnlichen Gr\u00fcnde f\u00fcr die Mehrarbeit unverz\u00fcglich bekannt.<\/p>\n\n\n\n<ol class=\"wp-block-list\" start=\"7\">\n<li><strong>Geheimhaltung und Datenschutz<\/strong><\/li>\n<\/ol>\n\n\n\n<p>Die Vertragsparteien verpflichten sich, die ihnen w\u00e4hrend der Zusammenarbeit bekannt werdenden Betriebs- und Gesch\u00e4ftsgeheimnisse, insbesondere die Inhalte und Konditionen des Vertrages, sowie als vertraulich gekennzeichnete Gesch\u00e4ftsangelegenheiten, vertraulich zu behandeln und gegen\u00fcber Dritten geheim zu halten. Die Parteien verpflichten sich wechselseitig zur Einhaltung der gesetzlichen Bestimmungen zum Datenschutz, insbesondere \u00a7 5 Bundesdatenschutzgesetz, und tragen f\u00fcr deren Einhaltung Sorge. Die vorstehenden Verpflichtungen bestehen auch nach Beendigung der Zusammenarbeit fort.<\/p>\n\n\n\n<ol class=\"wp-block-list\" start=\"8\">\n<li><strong>Mitarbeiterverg\u00fctung und Sozialleistungen<\/strong><\/li>\n<\/ol>\n\n\n\n<p>F\u00fcr die METATRON GmbH Mitarbeiter finden die mit dem iGZ \u2013 Interessenverband Deutscher Zeitarbeitsunternehmen e. V. geschlossenen Branchentarifvertr\u00e4ge sowie die Branchenzuschl\u00e4ge f\u00fcr Zeitarbeitnehmer und diverse betriebliche Vereinbarungen Anwendung.<\/p>\n\n\n\n<ol class=\"wp-block-list\" start=\"9\">\n<li><strong>Tarife und Sonderk\u00fcndigungsrecht<\/strong><\/li>\n<\/ol>\n\n\n\n<p>Zur Umsetzung eines f\u00fcr eine bestimmte Branche geltenden tariflichen Branchenzuschlages f\u00fcr Zeitarbeitnehmer wird der Kunde METATRON GmbH mitteilen, welcher Branche der Einsatzbetrieb zugeh\u00f6rt und ob bzw. welche Tarifvertr\u00e4ge oder zeitarbeitnehmerbeg\u00fcnstigenden betrieblichen Vereinbarungen im Einsatzbetrieb anwendbar sind. Der Kunde hat METATRON GmbH das regelm\u00e4\u00dfig gezahlte Stundenentgelt eines vergleichbaren Arbeitnehmers im Kundenbetrieb nachzuweisen. Der Kunde steht f\u00fcr die Richtigkeit der gemachten Angaben ein. Sofern sich \u00c4nderungen in der Branchenzugeh\u00f6rigkeit, den anwendbaren Tarifvertr\u00e4gen oder den zeitarbeitnehmerbeg\u00fcnstigenden betrieblichen Vereinbarungen ergeben, wird der Kunde METATRON GmbH hier\u00fcber informieren.<\/p>\n\n\n\n<p>METATRON GmbH ist berechtigt, die Kundentarife nach billigem Ermessen zu erh\u00f6hen. Dies gilt, wenn sich die von METATRON GmbH an die \u00fcberlassenen oder zu \u00fcberlassenden METATRON GmbH Mitarbeiter zu zahlende Verg\u00fctung nach Abschluss des Arbeitnehmer\u00fcberlassungsvertrages aufgrund gesetzlicher (auch Lohnuntergrenzen) oder tariflicher Bestimmungen oder sonstigen Verpflichtungen erh\u00f6ht oder METATRON GmbH erst nach Vertragsschluss hiervon Kenntnis erlangt. Notwendige Tariferh\u00f6hungen wird METATRON GmbH dem Kunden anzeigen.<\/p>\n\n\n\n<p>Die Erh\u00f6hung wird 2 Wochen nach Zugang der Anzeige beim Kunden wirksam. Der Kunde ist berechtigt, den Vertrag binnen 2 Wochen nach Zugang der Anzeige zum Termin der Tariferh\u00f6hung zu k\u00fcndigen.<\/p>\n\n\n\n<p>METATRON GmbH steht ein Sonderk\u00fcndigungsrecht mit einer Frist von 2 Wochen zum Monatsende zu, wenn die angepassten Tarife nicht gezahlt werden.<\/p>\n\n\n\n<ol class=\"wp-block-list\" start=\"10\">\n<li><strong>Zeiterfassung<\/strong><\/li>\n<\/ol>\n\n\n\n<p>Die Erfassung der von METATRON GmbH Mitarbeitern geleisteten Arbeitsstunden erfolgt elektronisch durch den Kunden und muss sp\u00e4testens am 3. Arbeitstag des Folgemonats der METATRON GmbH vorliegen.<\/p>\n\n\n\n<p>Der Kunde l\u00e4sst die geleisteten Arbeitsstunden und den Anspruch auf Leistungszulagen auf dem Stundennachweis w\u00f6chentlich von einem bevollm\u00e4chtigten Vertreter pr\u00fcfen und durch Unterschrift und Firmenstempel best\u00e4tigen. K\u00f6nnen Stundennachweise am Einsatzort keinem Bevollm\u00e4chtigten des Kunden zur Unterzeichnung vorgelegt werden, ist METATRON GmbH berechtigt, die vom METATRON GmbH Mitarbeiter erfassten Stunden gegen\u00fcber dem Kunden abzurechnen.<\/p>\n\n\n\n<ol class=\"wp-block-list\" start=\"11\">\n<li><strong>Stundensatz und Abrechnung<\/strong><\/li>\n<\/ol>\n\n\n\n<p>Der vereinbarte Stundensatz enth\u00e4lt, insofern nicht anders vereinbart, bezogen auf den Einsatzort, s\u00e4mtliche Kosten einschlie\u00dflich Zulagen, Fahrgeld und Unterkunft. Der Kunde ist verpflichtet, METATRON GmbH \u00fcber geplante \u00c4nderungen des Einsatzortes und angeordnete Dienstfahrten unverz\u00fcglich vorab zu informieren.<\/p>\n\n\n\n<p>Dienstreisen werden dem Kunden entsprechend der tats\u00e4chlichen Aufwendungen in Rechnung gestellt.<\/p>\n\n\n\n<p>S\u00e4mtliche vom Kunden an METATRON GmbH zu entrichtenden Betr\u00e4ge verstehen sich zuz\u00fcglich der gesetzlichen Umsatzsteuer. Der Rechnungsbetrag ist, wenn nichts anderes vereinbart ist, innerhalb von 7 Tagen ab Rechnungsdatum zur Zahlung f\u00e4llig. Die Abrechnung erfolgt monatlich auf Basis der dokumentierten Arbeitsstunden. Ma\u00dfgebend f\u00fcr die Berechnung ist der im Arbeitnehmer\u00fcberlassungsvertrag vereinbarte Stundensatz.<\/p>\n\n\n\n<p>Bei nicht fristgerechter Zahlung ger\u00e4t der Kunde auch ohne Mahnung in Verzug. Ma\u00dfgeblich ist der Zahlungseingang bei METATRON GmbH.<\/p>\n\n\n\n<p>Befindet sich der K\u00e4ufer uns gegen\u00fcber mit irgendwelchen Zahlungsverpflichtungen im Verzug, so werden alle bestehenden Forderungen sofort f\u00e4llig.<\/p>\n\n\n\n<ol class=\"wp-block-list\" start=\"12\">\n<li><strong>Liefer- und Zahlungsbedingungen<\/strong><\/li>\n<\/ol>\n\n\n\n<p>Es gelten ausschlie\u00dflich unsere Liefer- und Zahlungsbedingungen, mit denen sich unser Kunde bei Auftragserteilung einverstanden erkl\u00e4rt, und zwar ebenso f\u00fcr k\u00fcnftige Gesch\u00e4fte, auch wenn nicht ausdr\u00fccklich auf sie Bezug genommen wird, sie aber dem Besteller bei einem von uns best\u00e4tigten Auftrag zugegangen sind. Wird der Auftrag abweichend von unseren Liefer- und Zahlungsbedingungen erteilt, so gelten auch dann nur unsere Liefer- und Zahlungsbedingungen, selbst wenn wir nicht widersprechen. Abweichungen gelten also nur, wenn sie von uns ausdr\u00fccklich schriftlich anerkannt worden sind.<\/p>\n\n\n\n<p>Wir sind berechtigt, die Anspr\u00fcche aus unseren Gesch\u00e4ftsverbindungen abzutreten.<\/p>\n\n\n\n<p>S\u00e4mtliche Zahlungen sind mit schuldbefreiender Wirkung ausschlie\u00dflich an die VR FACTOREM GmbH, Ludwig-Erhard-Stra\u00dfe 30 \u2013 34, 65760 Eschborn, zu leisten, an die wir unsere gegenw\u00e4rtigen und k\u00fcnftigen Anspr\u00fcche aus unserer Gesch\u00e4ftsverbindung abgetreten haben. Auch unser Vorbehaltseigentum haben wir auf die VR FACTOREM GmbH \u00fcbertragen.<\/p>\n\n\n\n<ol class=\"wp-block-list\" start=\"13\">\n<li><strong>Haftung<\/strong><\/li>\n<\/ol>\n\n\n\n<p>METATRON GmbH haftet neben der Erf\u00fcllung der Vertragspflichten bez\u00fcglich der \u00fcberlassenen Mitarbeiter nur f\u00fcr die ordnungsgem\u00e4\u00dfe Auswahl im Hinblick auf die vertraglich vereinbarte T\u00e4tigkeit. Die Haftung f\u00fcr Auswahlverschulden beschr\u00e4nkt sich auf Sch\u00e4den, die durch vors\u00e4tzliche oder grob fahrl\u00e4ssige Verletzung der Auswahlverpflichtung entstehen. Die H\u00f6he der Haftung f\u00fcr s\u00e4mtliche daraus entstehende Sch\u00e4den ist ferner auf einen maximalen Betrag von insgesamt 3.000.000 EUR pro Kalenderjahr begrenzt.<\/p>\n\n\n\n<p>F\u00fcr weitergehende Anspr\u00fcche haftet METATRON GmbH nicht. Dies gilt nicht f\u00fcr K\u00f6rpersch\u00e4den\/Todesf\u00e4lle.<\/p>\n\n\n\n<ol class=\"wp-block-list\" start=\"14\">\n<li><strong>Vorbesch\u00e4ftigung des Mitarbeiters<\/strong><\/li>\n<\/ol>\n\n\n\n<p>Der Kunde wird METATRON GmbH unverz\u00fcglich mitteilen, wenn ein METATRON GmbH Mitarbeiter in den letzten 6 Monaten vor \u00dcberlassung beim Kunden oder bei einem Arbeitgeber, der mit dem Kunden einen Konzern i. S. d. \u00a7 18 AktG bildet, gem\u00e4\u00df \u00a7 3 Abs. 1 Nr. 3 S. 4 A\u00dcG besch\u00e4ftigt war.<\/p>\n\n\n\n<p>In diesem Fall verpflichtet sich der Kunde zur Zahlung der sich ergebenden Mehrkosten im Hinblick auf den betroffenen METATRON GmbH Mitarbeiter.<\/p>\n\n\n\n<ol class=\"wp-block-list\" start=\"15\">\n<li><strong>\u00dcbernahme von Personal<\/strong><\/li>\n<\/ol>\n\n\n\n<p>Bei Begr\u00fcndung eines Arbeitsverh\u00e4ltnisses zwischen dem Kunden und einem an ihn \u00fcberlassenen METATRON GmbH Mitarbeiter aus der \u00dcberlassung wird eine Vermittlungsverg\u00fctung f\u00e4llig. Dies gilt auch, wenn die Begr\u00fcndung des Arbeitsverh\u00e4ltnisses innerhalb eines Zeitraumes von 6 Monaten nach Beendigung der \u00dcberlassung erfolgt, es sei denn, die Begr\u00fcndung des Arbeitsverh\u00e4ltnisses beruht nicht auf der \u00dcberlassung des METATRON GmbH Mitarbeiters.<\/p>\n\n\n\n<p>Die Vermittlungsverg\u00fctung bemisst sich anhand des Bruttomonatsgehalts, das der eingestellte METATRON GmbH Mitarbeiter beim Kunden erh\u00e4lt und betr\u00e4gt bei \u00dcbernahme ab dem ersten Tag der \u00dcberlassung bis zum Ablauf des 3. Monats der \u00dcberlassung 2 Bruttomonatsgeh\u00e4lter, vom 4. bis Ablauf des 6. Monats 1,5 Bruttomonatsgeh\u00e4lter, vom 7. bis Ablauf des 9. Monats 1 Bruttomonatsgehalt und vom 10. bis Ablauf des 12.<\/p>\n\n\n\n<p>Monats 0,5 Bruttomonatsgehalt. Nach Ablauf des 12. Monats der \u00dcberlassung ist die \u00dcbernahme kostenfrei.<\/p>\n\n\n\n<p>Abweichende Vereinbarungen, insbesondere zur H\u00f6he der Vermittlungsverg\u00fctung, sind m\u00f6glich und gelten vorrangig. Der Kunde ist verpflichtet, METATRON GmbH Auskunft \u00fcber das mit dem METATRON GmbH Mitarbeiter oder dem vorgestellten Bewerber vereinbarte Bruttomonatsgehalt bzw. Bruttojahresgehalt mit Begr\u00fcndung des Arbeitsverh\u00e4ltnisses zu erteilen.<\/p>\n\n\n\n<p>Gibt der Kunde 2 Wochen nach Aufforderung durch METATRON GmbH keine Auskunft \u00fcber die H\u00f6he des Bruttomonats-\/Bruttojahresgehalts, ist der Kunde verpflichtet, eine Vermittlungsverg\u00fctung in H\u00f6he von zwei Kundenmonatsums\u00e4tzen zu zahlen. Dies bemisst sich nach dem f\u00fcr den METATRON GmbH Mitarbeiter vereinbarten Stundentarif und der von ihm w\u00e4hrend der \u00dcberlassung geleisteten Arbeitszeit oder dem f\u00fcr die \u00dcberlassung des Bewerbers vorgesehenen Stundentarif und der f\u00fcr ihn vorgesehenen Arbeitszeit.<\/p>\n\n\n\n<ol class=\"wp-block-list\" start=\"16\">\n<li><strong>Gerichtsstand und Erf\u00fcllungsort<\/strong><\/li>\n<\/ol>\n\n\n\n<p>Erf\u00fcllungsort ist der Sitz der zust\u00e4ndigen Niederlassung von METATRON GmbH Gerichtsstand ist nach unserer Wahl der Sitz der Firma oder Frankfurt am Main.<\/p>\n\n\n\n<ol class=\"wp-block-list\" start=\"17\">\n<li><strong>Sonstiges<\/strong><\/li>\n<\/ol>\n\n\n\n<p>Eine Aufrechnung durch den K\u00e4ufer mit Gegenanspr\u00fcchen ist ausgeschlossen, es sei denn, die Gegenanspr\u00fcche sind unbestritten oder rechtskr\u00e4ftig festgestellt. Die Geltendmachung eines Zur\u00fcckbehaltungsrechts durch den K\u00e4ufer ist ausgeschlossen, es sei denn, es beruht auf demselben Vertragsverh\u00e4ltnis oder die Gegenanspr\u00fcche sind unbestritten oder rechtskr\u00e4ftig festgestellt.<\/p>\n\n\n\n<p>Die Unwirksamkeit eines Teils dieser Bedingungen ber\u00fchrt die Wirksamkeit der \u00fcbrigen Bestimmungen nicht. Beide Vertragsparteien sind verpflichtet, statt der unwirksamen Bestimmung eine solche zu vereinbaren, die in wirtschaftlicher und rechtlicher Sicht dem urspr\u00fcnglich Gewollten m\u00f6glichst nahe kommt. Es gilt deutsches Recht unter Ausschluss des deutschen Internationalen Privatrechts.<\/p>\n\n\n\n<p>Zur Geltendmachung der Rechte aus Eigentumsvorbehalt ist ein R\u00fccktritt vom Vertrag nicht erforderlich, es sei denn, der Debitor ist Verbraucher<\/p>","protected":false},"excerpt":{"rendered":"<p>AGB ALLGEMEINE GESCH\u00c4FTSBEDINGUNGEN METATRON GmbH besitzt die befristete Erlaubnis zur Arbeitnehmer\u00fcberlassung, zuletzt ausgestellt durch die Regionaldirektion N\u00fcrnberg der Bundesagentur f\u00fcr Arbeit. Durch den Abschluss eines Arbeitnehmer\u00fcberlassungsvertrages<span class=\"excerpt-hellip\"> [\u2026]<\/span><\/p>","protected":false},"author":1,"featured_media":0,"parent":0,"menu_order":0,"comment_status":"closed","ping_status":"closed","template":"","meta":{"footnotes":""},"class_list":["post-284","page","type-page","status-publish","hentry"],"yoast_head":"<!-- This site is optimized with the Yoast SEO plugin v23.4 - https:\/\/yoast.com\/wordpress\/plugins\/seo\/ -->\n<title>Allgemeine Gesch\u00e4ftsbedingungen - metatron-gmbh.de<\/title>\n<meta name=\"robots\" content=\"index, follow, max-snippet:-1, max-image-preview:large, max-video-preview:-1\" \/>\n<link rel=\"canonical\" href=\"https:\/\/metatron-gmbh.de\/hr\/allgemeine-geschaftsbedingungen\/\" \/>\n<meta property=\"og:locale\" content=\"hr_HR\" \/>\n<meta property=\"og:type\" content=\"article\" \/>\n<meta property=\"og:title\" content=\"Allgemeine Gesch\u00e4ftsbedingungen - metatron-gmbh.de\" \/>\n<meta property=\"og:description\" content=\"AGB ALLGEMEINE GESCH\u00c4FTSBEDINGUNGEN METATRON GmbH besitzt die befristete Erlaubnis zur Arbeitnehmer\u00fcberlassung, zuletzt ausgestellt durch die Regionaldirektion N\u00fcrnberg der Bundesagentur f\u00fcr Arbeit. Durch den Abschluss eines Arbeitnehmer\u00fcberlassungsvertrages [\u2026]\" \/>\n<meta property=\"og:url\" content=\"https:\/\/metatron-gmbh.de\/hr\/allgemeine-geschaftsbedingungen\/\" \/>\n<meta property=\"og:site_name\" content=\"metatron-gmbh.de\" \/>\n<meta property=\"article:modified_time\" content=\"2023-09-06T10:51:46+00:00\" \/>\n<meta name=\"twitter:card\" content=\"summary_large_image\" \/>\n<meta name=\"twitter:label1\" content=\"Procijenjeno vrijeme \u010ditanja\" \/>\n\t<meta name=\"twitter:data1\" content=\"9 minuta\" \/>\n<script type=\"application\/ld+json\" class=\"yoast-schema-graph\">{\"@context\":\"https:\/\/schema.org\",\"@graph\":[{\"@type\":\"WebPage\",\"@id\":\"https:\/\/metatron-gmbh.de\/allgemeine-geschaftsbedingungen\/\",\"url\":\"https:\/\/metatron-gmbh.de\/allgemeine-geschaftsbedingungen\/\",\"name\":\"Allgemeine Gesch\u00e4ftsbedingungen - metatron-gmbh.de\",\"isPartOf\":{\"@id\":\"https:\/\/metatron-gmbh.de\/#website\"},\"datePublished\":\"2023-08-08T20:41:31+00:00\",\"dateModified\":\"2023-09-06T10:51:46+00:00\",\"breadcrumb\":{\"@id\":\"https:\/\/metatron-gmbh.de\/allgemeine-geschaftsbedingungen\/#breadcrumb\"},\"inLanguage\":\"hr\",\"potentialAction\":[{\"@type\":\"ReadAction\",\"target\":[\"https:\/\/metatron-gmbh.de\/allgemeine-geschaftsbedingungen\/\"]}]},{\"@type\":\"BreadcrumbList\",\"@id\":\"https:\/\/metatron-gmbh.de\/allgemeine-geschaftsbedingungen\/#breadcrumb\",\"itemListElement\":[{\"@type\":\"ListItem\",\"position\":1,\"name\":\"Po\u010detna stranica\",\"item\":\"https:\/\/metatron-gmbh.de\/\"},{\"@type\":\"ListItem\",\"position\":2,\"name\":\"Allgemeine Gesch\u00e4ftsbedingungen\"}]},{\"@type\":\"WebSite\",\"@id\":\"https:\/\/metatron-gmbh.de\/#website\",\"url\":\"https:\/\/metatron-gmbh.de\/\",\"name\":\"metatron-gmbh.de\",\"description\":\"\",\"publisher\":{\"@id\":\"https:\/\/metatron-gmbh.de\/#organization\"},\"potentialAction\":[{\"@type\":\"SearchAction\",\"target\":{\"@type\":\"EntryPoint\",\"urlTemplate\":\"https:\/\/metatron-gmbh.de\/?s={search_term_string}\"},\"query-input\":{\"@type\":\"PropertyValueSpecification\",\"valueRequired\":true,\"valueName\":\"search_term_string\"}}],\"inLanguage\":\"hr\"},{\"@type\":\"Organization\",\"@id\":\"https:\/\/metatron-gmbh.de\/#organization\",\"name\":\"metatron-gmbh.de\",\"url\":\"https:\/\/metatron-gmbh.de\/\",\"logo\":{\"@type\":\"ImageObject\",\"inLanguage\":\"hr\",\"@id\":\"https:\/\/metatron-gmbh.de\/#\/schema\/logo\/image\/\",\"url\":\"https:\/\/metatron-gmbh.de\/wp-content\/uploads\/2023\/07\/cropped-metatron-logo-bookman_VSV.png\",\"contentUrl\":\"https:\/\/metatron-gmbh.de\/wp-content\/uploads\/2023\/07\/cropped-metatron-logo-bookman_VSV.png\",\"width\":1691,\"height\":385,\"caption\":\"metatron-gmbh.de\"},\"image\":{\"@id\":\"https:\/\/metatron-gmbh.de\/#\/schema\/logo\/image\/\"}}]}<\/script>\n<!-- \/ Yoast SEO plugin. -->","yoast_head_json":{"title":"Allgemeine Gesch\u00e4ftsbedingungen - metatron-gmbh.de","robots":{"index":"index","follow":"follow","max-snippet":"max-snippet:-1","max-image-preview":"max-image-preview:large","max-video-preview":"max-video-preview:-1"},"canonical":"https:\/\/metatron-gmbh.de\/hr\/allgemeine-geschaftsbedingungen\/","og_locale":"hr_HR","og_type":"article","og_title":"Allgemeine Gesch\u00e4ftsbedingungen - metatron-gmbh.de","og_description":"AGB ALLGEMEINE GESCH\u00c4FTSBEDINGUNGEN METATRON GmbH besitzt die befristete Erlaubnis zur Arbeitnehmer\u00fcberlassung, zuletzt ausgestellt durch die Regionaldirektion N\u00fcrnberg der Bundesagentur f\u00fcr Arbeit. Durch den Abschluss eines Arbeitnehmer\u00fcberlassungsvertrages [\u2026]","og_url":"https:\/\/metatron-gmbh.de\/hr\/allgemeine-geschaftsbedingungen\/","og_site_name":"metatron-gmbh.de","article_modified_time":"2023-09-06T10:51:46+00:00","twitter_card":"summary_large_image","twitter_misc":{"Procijenjeno vrijeme \u010ditanja":"9 minuta"},"schema":{"@context":"https:\/\/schema.org","@graph":[{"@type":"WebPage","@id":"https:\/\/metatron-gmbh.de\/allgemeine-geschaftsbedingungen\/","url":"https:\/\/metatron-gmbh.de\/allgemeine-geschaftsbedingungen\/","name":"Allgemeine Gesch\u00e4ftsbedingungen - metatron-gmbh.de","isPartOf":{"@id":"https:\/\/metatron-gmbh.de\/#website"},"datePublished":"2023-08-08T20:41:31+00:00","dateModified":"2023-09-06T10:51:46+00:00","breadcrumb":{"@id":"https:\/\/metatron-gmbh.de\/allgemeine-geschaftsbedingungen\/#breadcrumb"},"inLanguage":"hr","potentialAction":[{"@type":"ReadAction","target":["https:\/\/metatron-gmbh.de\/allgemeine-geschaftsbedingungen\/"]}]},{"@type":"BreadcrumbList","@id":"https:\/\/metatron-gmbh.de\/allgemeine-geschaftsbedingungen\/#breadcrumb","itemListElement":[{"@type":"ListItem","position":1,"name":"Po\u010detna stranica","item":"https:\/\/metatron-gmbh.de\/"},{"@type":"ListItem","position":2,"name":"Allgemeine Gesch\u00e4ftsbedingungen"}]},{"@type":"WebSite","@id":"https:\/\/metatron-gmbh.de\/#website","url":"https:\/\/metatron-gmbh.de\/","name":"metatron-gmbh.de","description":"","publisher":{"@id":"https:\/\/metatron-gmbh.de\/#organization"},"potentialAction":[{"@type":"SearchAction","target":{"@type":"EntryPoint","urlTemplate":"https:\/\/metatron-gmbh.de\/?s={search_term_string}"},"query-input":{"@type":"PropertyValueSpecification","valueRequired":true,"valueName":"search_term_string"}}],"inLanguage":"hr"},{"@type":"Organization","@id":"https:\/\/metatron-gmbh.de\/#organization","name":"metatron-gmbh.de","url":"https:\/\/metatron-gmbh.de\/","logo":{"@type":"ImageObject","inLanguage":"hr","@id":"https:\/\/metatron-gmbh.de\/#\/schema\/logo\/image\/","url":"https:\/\/metatron-gmbh.de\/wp-content\/uploads\/2023\/07\/cropped-metatron-logo-bookman_VSV.png","contentUrl":"https:\/\/metatron-gmbh.de\/wp-content\/uploads\/2023\/07\/cropped-metatron-logo-bookman_VSV.png","width":1691,"height":385,"caption":"metatron-gmbh.de"},"image":{"@id":"https:\/\/metatron-gmbh.de\/#\/schema\/logo\/image\/"}}]}},"_links":{"self":[{"href":"https:\/\/metatron-gmbh.de\/hr\/wp-json\/wp\/v2\/pages\/284","targetHints":{"allow":["GET"]}}],"collection":[{"href":"https:\/\/metatron-gmbh.de\/hr\/wp-json\/wp\/v2\/pages"}],"about":[{"href":"https:\/\/metatron-gmbh.de\/hr\/wp-json\/wp\/v2\/types\/page"}],"author":[{"embeddable":true,"href":"https:\/\/metatron-gmbh.de\/hr\/wp-json\/wp\/v2\/users\/1"}],"replies":[{"embeddable":true,"href":"https:\/\/metatron-gmbh.de\/hr\/wp-json\/wp\/v2\/comments?post=284"}],"version-history":[{"count":3,"href":"https:\/\/metatron-gmbh.de\/hr\/wp-json\/wp\/v2\/pages\/284\/revisions"}],"predecessor-version":[{"id":309,"href":"https:\/\/metatron-gmbh.de\/hr\/wp-json\/wp\/v2\/pages\/284\/revisions\/309"}],"wp:attachment":[{"href":"https:\/\/metatron-gmbh.de\/hr\/wp-json\/wp\/v2\/media?parent=284"}],"curies":[{"name":"wp","href":"https:\/\/api.w.org\/{rel}","templated":true}]}}