{"id":279,"date":"2023-08-08T22:22:23","date_gmt":"2023-08-08T20:22:23","guid":{"rendered":"https:\/\/metatron-gmbh.de\/?page_id=279"},"modified":"2023-08-09T13:19:03","modified_gmt":"2023-08-09T11:19:03","slug":"cookie-richtlinie","status":"publish","type":"page","link":"https:\/\/metatron-gmbh.de\/hr\/cookie-richtlinie\/","title":{"rendered":"Cookie Richtlinie"},"content":{"rendered":"<h6 class=\"wp-block-heading\"><strong>COOKIES<\/strong><\/h6>\n\n\n\n<p>Damit diese Seite richtig funktionieren kann, und damit wir die Seite immer wieder neu aktualisieren k\u00f6nnen, um den Besuch der Seite zu verbessern, muss diese Seite auf ihr Computer eine kleinere Menge von Daten speichern (Cookies). \u00dcber 90% aller Seiten verwendet diese Technologie, aber gem\u00e4\u03b2 den Vorschriften der EU von 25.03.2011, sind wir verpflichtet vor der Cookie-Speicherung um Ihre Zustimmung zu bitten. Durch die Nutzung der Website stimmen Sie der Verwendung von Cookies zu. Durch das Blockieren von Cookies k\u00f6nnen Sie die Seite auch weiterhin durchsuchen, jedoch einige der Funktionen sind in diesem Fall nicht verf\u00fcgbar.<\/p>\n\n\n\n<p><strong>Was ist ein Cookie?<\/strong><\/p>\n\n\n\n<p>Cookies sind Daten, die von einer Webseite, die Sie besuchen, auf Ihrem Computer gespeichert werden. Cookies speichern gew\u00f6hnlicher Weise pers\u00f6nliche Seiteneinstellungen und Angaben, wie zum Bespiel bevorzugte Sprache oder Adresse. Sp\u00e4ter, wenn Sie diese Seite erneut besuchen, \u00fcbermittelt der Internet-Browser die gespeicherten Cookie-Informationen an die Seite zur\u00fcck. Dadurch k\u00f6nnen individuelle und an Sie angepasste Informationen angezeigt werden. Cookies k\u00f6nnen eine Vielzahl von Informationen beinhalten, die den Besucher pers\u00f6nlich identifizierbar machen (wie Ihren Namen oder Ihre E-Mail-Adresse). Eine Webseite hat jedoch nur Zugang zu pers\u00f6nlichen Daten, die Sie selbst bereitstellen. So kann eine Seite beispielsweise nicht ohne Ihr Zutun Ihre E-Mail-Adresse ermitteln. Eine Website kann auch nicht auf andere Dateien auf Ihrem Computer zugreifen. Bei Verwendung der Standardeinstellungen f\u00fcr Cookies laufen diese Aktivit\u00e4ten f\u00fcr Sie unbemerkt ab. Sie k\u00f6nnen aber Ihre Einstellungen des Internet-Browsers so konfigurieren, dass Sie das Speichern eines Cookies zuvor genehmigen bzw. ablehnen k\u00f6nnen, und Sie k\u00f6nnen die gespeicherten Cookies automatisch beim Schlie\u03b2en des Internet-Browsers l\u00f6schen, und \u00c4hnliches.<\/p>\n\n\n\n<p><strong>Wie k\u00f6nnen Cookies deaktiviert werden?<\/strong><\/p>\n\n\n\n<p>Durch das Deaktivieren von Cookies k\u00f6nnen Sie selber dar\u00fcber entscheiden, ob Sie das Speichern von Cookies auf Ihrem Computer erlauben oder nicht. Cookie- Einstellungen k\u00f6nnen in Ihrem Web-Browser konfiguriert und kontrolliert werden. F\u00fcr die Informationen \u00fcber die Cookie-Einstellungen, w\u00e4hlen die den Browser, den Sie verwenden \u2022 Chrome \u2022 Firefox \u2022 Internet Explorer 9 \u2022 Internet Explorer 7 i 8 \u2022 Opera (Webseite auf Englisch) \u2022 Safari (Webseite auf Englisch). Der Ausschlu\u03b2 von Cookies kann zu Funktionseinschr\u00e4nkungen der Webseite f\u00fchren.<\/p>\n\n\n\n<p><strong>Was sind tempor\u00e4re Cookies?<\/strong><\/p>\n\n\n\n<p>Als tempor\u00e4re Cookies, bzw. Session-Cookies werden Cookies bezeichnet, die gel\u00f6scht werden, nachdem ein Nutzer seinen Browser schlie\u03b2t. In einem solchen Cookie kann zum Bespiel der Inhalt eines Warenkorbs in einem Online- Shop gespeichert werden.<\/p>\n\n\n\n<p><strong>Was sind permanente Cookies?<\/strong><\/p>\n\n\n\n<p>Als permanente oder gespeicherte Cookies werden Cookies bezeichnet, die auch nach dem Schlie\u03b2en des Browsers gespeichert bleiben. So kann zum Bespiel der Login-Status gespeichert werden, wenn die Nutzer diese Seite auch nach mehreren Tagen aufsuchen, so m\u00fcssen Sie sich nicht immer wieder neu anmelden. Diese Cookies bleiben auf dem Computer f\u00fcr Tagen, Monate und auch Jahre.<\/p>\n\n\n\n<p><strong>Was sind First-Party Cookies?<\/strong><\/p>\n\n\n\n<p>First-Party Cookies sind auf der Webseite angeboten, welche Sie besuchen, und die k\u00f6nnen tempor\u00e4r oder permanent sein. Mit Hilfe von diesen Cookies k\u00f6nnen die Webseiten Infos speichern, welche bei dem n\u00e4chsten Besuch wieder verwendet werden.<\/p>\n\n\n\n<p><strong>Was sind Third-Party Cookies?<\/strong><\/p>\n\n\n\n<p>Als Third-Party Cookies werden Cookies bezeichnet, die von anderen Anbietern, als dem Verantwortlichen, der das Onlineangebot betreibt, angeboten werden (wie zum Bespiel Pop-up anzeigen oder andere Webanzeigen), welche Sie besuchen. Mit diesen Cookies k\u00f6nnen die Webseiten die Nutzung des Internets zu Marketingzwecken verfolgen.<\/p>\n\n\n\n<p><strong>Verwendet METATRON-GMBH.de Cookies?<\/strong><\/p>\n\n\n\n<p>Ja, und zwar mit dem prim\u00e4ren Ziel unsere Webseite f\u00fcr Sie zu verbessern.<\/p>\n\n\n\n<p>Welche Art von Cookies wird von METATRON-GMBH.de verwendet und warum?<\/p>\n\n\n\n<ul class=\"wp-block-list\">\n<li>Tempor\u00e4re Cookies (Session Cookies) \u2013 das sind tempor\u00e4re Cookies, die beim Schlie\u03b2en des Browsers ablaufen (und automatisch gel\u00f6scht werden). Wir verwenden Session-Cookies, um den Zugang zum Inhalt und Kommentare zu erm\u00f6glichen (Dinge die Sie tun m\u00fcssen, wenn Sie sich mit Ihren Daten an der Webseite anmelden).<\/li>\n\n\n\n<li>Gespeicherte Cookies (Persistent Cookies) \u2013 Diese Cookies bleiben in der Regel auf dem Computer sehr lange, bis sie abgelaufen sind, oder bis Sie diese manuell l\u00f6schen. Wir verwenden permanente Cookies f\u00fcr Funktionen wie zum Bespiel: \u02ddAngemeldet bleiben\u02dd Kontrollk\u00e4stchen, welches den Benutzern den Zugriff als registrierter Besucher erleichtert. Wir verwenden sie auch, um die Benutzergewohnheiten besser zu verstehen, so dass wir die Webseite gem\u00e4\u03b2 Ihren Gewohnheiten verbessern k\u00f6nnen. Diese Informationen sind anonym- wir sehen keine individuellen Benutzerinformationen.<\/li>\n<\/ul>\n\n\n\n<p><strong>Hat die Webseite Cookies von Drittanbietern?<\/strong><\/p>\n\n\n\n<p>Da gibt es mehrere externe Dienste, welche die beschr\u00e4nkte Cookies f\u00fcr einen Benutzer speichern. Diese Cookies werden nicht von dieser Website eingestellt, aber einige dienen zum normalen Funktionieren bestimmter M\u00f6glichkeiten, welche dem Benutzer den Zugriff erleichtern. Zurzeit erlauben wir:<\/p>\n\n\n\n<ul class=\"wp-block-list\">\n<li>Analyse der Webseitennutzung METATRON-GMBH.de verwendet den Service um die H\u00e4ufigkeit des Seitenaufrufes zu messen, dieser ist Google Analytics. Wenn Sie es verhindern wollen, dass Cookies gespeichert werden, k\u00f6nnen Sie die auf dem folgenden Link sperren:<\/li>\n\n\n\n<li>Google Analytics \u2013 <a href=\"https:\/\/tools.google.com\/dlpage\/gaoptout\">https:\/\/tools.google.com\/ dlpage\/gaoptout<\/a><\/li>\n<\/ul>\n\n\n\n<p>Weitere Informationen zum Deaktivieren von Cookies<\/p>\n\n\n\n<p>Derzeit gibt es mehrere Websites, die Cookies f\u00fcr verschiedene Dienste ausschlie\u00dfen. Mehr dar\u00fcber k\u00f6nnen Sie unter den folgenden Links lesen:<\/p>\n\n\n\n<ul class=\"wp-block-list\">\n<li><a href=\"http:\/\/www.allaboutcookies.org\/\">http:\/\/www.allaboutcookies.org\/<\/a><\/li>\n\n\n\n<li><a href=\"http:\/\/www.youronlinechoices.eu\/\">http:\/\/www.youronlinechoices.eu\/<\/a><\/li>\n<\/ul>\n\n\n\n<p><strong>Haben Sie Fragen zur Cookie-Richtlinie?<\/strong><\/p>\n\n\n\n<p>Wenn Sie Fragen zu den Cookie-Richtlinien f\u00fcr dieses oder Ihr eigenes Web haben, kontaktieren Sie uns bitte \u00fcber unser Online-Kontaktformular.<\/p>\n\n\n\n<p><strong>Zwingend erforderliche Cookies<\/strong><\/p>\n\n\n\n<p>Diese Cookies werden in einigen der folgenden F\u00e4lle verwendet:<\/p>\n\n\n\n<ul class=\"wp-block-list\">\n<li>Das Speichern von Log-In Daten und eine sichere Anmeldung.<\/li>\n\n\n\n<li>Das Speichern der Aufgaben- oder Transaktionsfortschritt.<\/li>\n\n\n\n<li>Um sich zu merken, wie weit Sie in Ihrem Einkaufkorb gekommen sind.<\/li>\n<\/ul>\n\n\n\n<p>F\u00fchren Sie Analytics durch, um die Funktionalit\u00e4t der Seite zu optimieren.<\/p>\n\n\n\n<p><strong>Diese Cookies werden in einigen der folgenden F\u00e4lle verwendet:<\/strong><\/p>\n\n\n\n<ul class=\"wp-block-list\">\n<li>Um die Analytics durchzuf\u00fchren, damit die Funktionalit\u00e4t der Seite optimiert wird.<\/li>\n\n\n\n<li>Ein Angebot zu sichern oder interessenbezogene Anzeigen bereitzustellen.<\/li>\n\n\n\n<li>Es erlaubt Ihnen die Seiten auf den sozialen Netzwerken zu teilen.<\/li>\n\n\n\n<li>Es erlaubt Ihnen Kommentare zu ver\u00f6ffentlichen.<\/li>\n<\/ul>","protected":false},"excerpt":{"rendered":"<p>COOKIES Damit diese Seite richtig funktionieren kann, und damit wir die Seite immer wieder neu aktualisieren k\u00f6nnen, um den Besuch der Seite zu verbessern, muss diese<span class=\"excerpt-hellip\"> [\u2026]<\/span><\/p>","protected":false},"author":1,"featured_media":0,"parent":0,"menu_order":0,"comment_status":"closed","ping_status":"closed","template":"","meta":{"footnotes":""},"class_list":["post-279","page","type-page","status-publish","hentry"],"yoast_head":"<!-- This site is optimized with the Yoast SEO plugin v23.4 - https:\/\/yoast.com\/wordpress\/plugins\/seo\/ -->\n<title>Cookie Richtlinie - metatron-gmbh.de<\/title>\n<meta name=\"robots\" content=\"index, follow, max-snippet:-1, max-image-preview:large, max-video-preview:-1\" \/>\n<link rel=\"canonical\" href=\"https:\/\/metatron-gmbh.de\/hr\/cookie-richtlinie\/\" \/>\n<meta property=\"og:locale\" content=\"hr_HR\" \/>\n<meta property=\"og:type\" content=\"article\" \/>\n<meta property=\"og:title\" content=\"Cookie Richtlinie - metatron-gmbh.de\" \/>\n<meta property=\"og:description\" content=\"COOKIES Damit diese Seite richtig funktionieren kann, und damit wir die Seite immer wieder neu aktualisieren k\u00f6nnen, um den Besuch der Seite zu verbessern, muss diese [\u2026]\" \/>\n<meta property=\"og:url\" content=\"https:\/\/metatron-gmbh.de\/hr\/cookie-richtlinie\/\" \/>\n<meta property=\"og:site_name\" content=\"metatron-gmbh.de\" \/>\n<meta property=\"article:modified_time\" content=\"2023-08-09T11:19:03+00:00\" \/>\n<meta name=\"twitter:card\" content=\"summary_large_image\" \/>\n<meta name=\"twitter:label1\" content=\"Procijenjeno vrijeme \u010ditanja\" \/>\n\t<meta name=\"twitter:data1\" content=\"5 minuta\" \/>\n<script type=\"application\/ld+json\" class=\"yoast-schema-graph\">{\"@context\":\"https:\/\/schema.org\",\"@graph\":[{\"@type\":\"WebPage\",\"@id\":\"https:\/\/metatron-gmbh.de\/cookie-richtlinie\/\",\"url\":\"https:\/\/metatron-gmbh.de\/cookie-richtlinie\/\",\"name\":\"Cookie Richtlinie - metatron-gmbh.de\",\"isPartOf\":{\"@id\":\"https:\/\/metatron-gmbh.de\/#website\"},\"datePublished\":\"2023-08-08T20:22:23+00:00\",\"dateModified\":\"2023-08-09T11:19:03+00:00\",\"breadcrumb\":{\"@id\":\"https:\/\/metatron-gmbh.de\/cookie-richtlinie\/#breadcrumb\"},\"inLanguage\":\"hr\",\"potentialAction\":[{\"@type\":\"ReadAction\",\"target\":[\"https:\/\/metatron-gmbh.de\/cookie-richtlinie\/\"]}]},{\"@type\":\"BreadcrumbList\",\"@id\":\"https:\/\/metatron-gmbh.de\/cookie-richtlinie\/#breadcrumb\",\"itemListElement\":[{\"@type\":\"ListItem\",\"position\":1,\"name\":\"Po\u010detna stranica\",\"item\":\"https:\/\/metatron-gmbh.de\/\"},{\"@type\":\"ListItem\",\"position\":2,\"name\":\"Cookie Richtlinie\"}]},{\"@type\":\"WebSite\",\"@id\":\"https:\/\/metatron-gmbh.de\/#website\",\"url\":\"https:\/\/metatron-gmbh.de\/\",\"name\":\"metatron-gmbh.de\",\"description\":\"\",\"publisher\":{\"@id\":\"https:\/\/metatron-gmbh.de\/#organization\"},\"potentialAction\":[{\"@type\":\"SearchAction\",\"target\":{\"@type\":\"EntryPoint\",\"urlTemplate\":\"https:\/\/metatron-gmbh.de\/?s={search_term_string}\"},\"query-input\":{\"@type\":\"PropertyValueSpecification\",\"valueRequired\":true,\"valueName\":\"search_term_string\"}}],\"inLanguage\":\"hr\"},{\"@type\":\"Organization\",\"@id\":\"https:\/\/metatron-gmbh.de\/#organization\",\"name\":\"metatron-gmbh.de\",\"url\":\"https:\/\/metatron-gmbh.de\/\",\"logo\":{\"@type\":\"ImageObject\",\"inLanguage\":\"hr\",\"@id\":\"https:\/\/metatron-gmbh.de\/#\/schema\/logo\/image\/\",\"url\":\"https:\/\/metatron-gmbh.de\/wp-content\/uploads\/2023\/07\/cropped-metatron-logo-bookman_VSV.png\",\"contentUrl\":\"https:\/\/metatron-gmbh.de\/wp-content\/uploads\/2023\/07\/cropped-metatron-logo-bookman_VSV.png\",\"width\":1691,\"height\":385,\"caption\":\"metatron-gmbh.de\"},\"image\":{\"@id\":\"https:\/\/metatron-gmbh.de\/#\/schema\/logo\/image\/\"}}]}<\/script>\n<!-- \/ Yoast SEO plugin. -->","yoast_head_json":{"title":"Cookie Richtlinie - metatron-gmbh.de","robots":{"index":"index","follow":"follow","max-snippet":"max-snippet:-1","max-image-preview":"max-image-preview:large","max-video-preview":"max-video-preview:-1"},"canonical":"https:\/\/metatron-gmbh.de\/hr\/cookie-richtlinie\/","og_locale":"hr_HR","og_type":"article","og_title":"Cookie Richtlinie - metatron-gmbh.de","og_description":"COOKIES Damit diese Seite richtig funktionieren kann, und damit wir die Seite immer wieder neu aktualisieren k\u00f6nnen, um den Besuch der Seite zu verbessern, muss diese [\u2026]","og_url":"https:\/\/metatron-gmbh.de\/hr\/cookie-richtlinie\/","og_site_name":"metatron-gmbh.de","article_modified_time":"2023-08-09T11:19:03+00:00","twitter_card":"summary_large_image","twitter_misc":{"Procijenjeno vrijeme \u010ditanja":"5 minuta"},"schema":{"@context":"https:\/\/schema.org","@graph":[{"@type":"WebPage","@id":"https:\/\/metatron-gmbh.de\/cookie-richtlinie\/","url":"https:\/\/metatron-gmbh.de\/cookie-richtlinie\/","name":"Cookie Richtlinie - metatron-gmbh.de","isPartOf":{"@id":"https:\/\/metatron-gmbh.de\/#website"},"datePublished":"2023-08-08T20:22:23+00:00","dateModified":"2023-08-09T11:19:03+00:00","breadcrumb":{"@id":"https:\/\/metatron-gmbh.de\/cookie-richtlinie\/#breadcrumb"},"inLanguage":"hr","potentialAction":[{"@type":"ReadAction","target":["https:\/\/metatron-gmbh.de\/cookie-richtlinie\/"]}]},{"@type":"BreadcrumbList","@id":"https:\/\/metatron-gmbh.de\/cookie-richtlinie\/#breadcrumb","itemListElement":[{"@type":"ListItem","position":1,"name":"Po\u010detna stranica","item":"https:\/\/metatron-gmbh.de\/"},{"@type":"ListItem","position":2,"name":"Cookie Richtlinie"}]},{"@type":"WebSite","@id":"https:\/\/metatron-gmbh.de\/#website","url":"https:\/\/metatron-gmbh.de\/","name":"metatron-gmbh.de","description":"","publisher":{"@id":"https:\/\/metatron-gmbh.de\/#organization"},"potentialAction":[{"@type":"SearchAction","target":{"@type":"EntryPoint","urlTemplate":"https:\/\/metatron-gmbh.de\/?s={search_term_string}"},"query-input":{"@type":"PropertyValueSpecification","valueRequired":true,"valueName":"search_term_string"}}],"inLanguage":"hr"},{"@type":"Organization","@id":"https:\/\/metatron-gmbh.de\/#organization","name":"metatron-gmbh.de","url":"https:\/\/metatron-gmbh.de\/","logo":{"@type":"ImageObject","inLanguage":"hr","@id":"https:\/\/metatron-gmbh.de\/#\/schema\/logo\/image\/","url":"https:\/\/metatron-gmbh.de\/wp-content\/uploads\/2023\/07\/cropped-metatron-logo-bookman_VSV.png","contentUrl":"https:\/\/metatron-gmbh.de\/wp-content\/uploads\/2023\/07\/cropped-metatron-logo-bookman_VSV.png","width":1691,"height":385,"caption":"metatron-gmbh.de"},"image":{"@id":"https:\/\/metatron-gmbh.de\/#\/schema\/logo\/image\/"}}]}},"_links":{"self":[{"href":"https:\/\/metatron-gmbh.de\/hr\/wp-json\/wp\/v2\/pages\/279","targetHints":{"allow":["GET"]}}],"collection":[{"href":"https:\/\/metatron-gmbh.de\/hr\/wp-json\/wp\/v2\/pages"}],"about":[{"href":"https:\/\/metatron-gmbh.de\/hr\/wp-json\/wp\/v2\/types\/page"}],"author":[{"embeddable":true,"href":"https:\/\/metatron-gmbh.de\/hr\/wp-json\/wp\/v2\/users\/1"}],"replies":[{"embeddable":true,"href":"https:\/\/metatron-gmbh.de\/hr\/wp-json\/wp\/v2\/comments?post=279"}],"version-history":[{"count":5,"href":"https:\/\/metatron-gmbh.de\/hr\/wp-json\/wp\/v2\/pages\/279\/revisions"}],"predecessor-version":[{"id":293,"href":"https:\/\/metatron-gmbh.de\/hr\/wp-json\/wp\/v2\/pages\/279\/revisions\/293"}],"wp:attachment":[{"href":"https:\/\/metatron-gmbh.de\/hr\/wp-json\/wp\/v2\/media?parent=279"}],"curies":[{"name":"wp","href":"https:\/\/api.w.org\/{rel}","templated":true}]}}