{"id":250,"date":"2023-08-05T10:38:37","date_gmt":"2023-08-05T08:38:37","guid":{"rendered":"https:\/\/metatron-gmbh.de\/?page_id=250"},"modified":"2024-08-01T12:26:56","modified_gmt":"2024-08-01T10:26:56","slug":"impressum","status":"publish","type":"page","link":"https:\/\/metatron-gmbh.de\/hr\/impressum\/","title":{"rendered":"Impressum"},"content":{"rendered":"<h4 class=\"wp-block-heading\">METATRON Energy GmbH<br>K\u00f6nigstra\u00dfe 35<br>70173 Stuttgart<br>Deutschland<\/h4>\n\n\n\n<p>M\u00a0<a href=\"tel:0049 176 6640 8688\">+ 49 176 6640 8688<\/a><\/p>\n\n\n\n<p>E: <a href=\"mailto:info@metatron-gmbh.de\">info@metatron-gmbh.de<\/a><\/p>\n\n\n\n<p><strong>Registergericht:<\/strong>&nbsp;Amstsgerichts Stuttgart&nbsp;HRB 793467<br><strong>Umsatzsteuer-Ident.-Nr. (USt-IdNr.):&nbsp;<\/strong>DE 26\/412\/4663<\/p>\n\n\n\n<p><strong>Grund- oder Stammkapital:<\/strong><br>25.000,00 EUR<\/p>\n\n\n\n<h4 class=\"wp-block-heading\">Urheberrechte<\/h4>\n\n\n\n<p>\u00a9 Copyright METATRON<br>Alle Rechte vorbehalten. Text, Bilder, Grafiken, Sound, Animationen und Videos sowie deren Anordnung auf dieser Website unterliegen dem Schutz des Urheberrechts und anderer Schutzgesetze. Es wird untersagt, den Inhalt dieser Website oder Teile davon, zu kommerziellen oder auch zu privaten Zwecken auf anderen Internetseiten zu verwenden.<\/p>\n\n\n\n<p>Fotos: freepik.com, unsplash.com.&nbsp;<\/p>\n\n\n\n<h4 class=\"wp-block-heading\">Markenzeichen<\/h4>\n\n\n\n<p>Soweit nicht anders angegeben, sind alle Markenzeichen auf dieser Website markenrechtlich gesch\u00fctzt.<\/p>\n\n\n\n<h4 class=\"wp-block-heading\">Haftung<\/h4>\n\n\n\n<p>Sofern von dieser Website auf Internetseiten verwiesen wird, die von Dritten betrieben werden, \u00fcbernimmt die METATRON keine Haftung f\u00fcr deren Inhalte, es sei denn METATRON hat von den Inhalten Kenntnis und es ist technisch m\u00f6glich und zumutbar, die Nutzung der Links im Falle rechtswidriger Inhalte zu verhindern. Es wird darauf hingewiesen, dass es sich bei den Inhalten der von Dritten betriebenen Seiten um fremde Inhalte handelt, die sich METATRON ausdr\u00fccklich nicht zu eigen macht und auf die METATRON keinen Einfluss hat. Die Verantwortung f\u00fcr diese Inhalte liegt beim jeweiligen Anbieter. METATRON \u00fcbernimmt keine Haftung f\u00fcr Sch\u00e4den, die aus der Nutzung dieser Inhalte entstehen.<\/p>\n\n\n\n<p>Die Nutzung des Internets erfolgt auf eigene Gefahr des Nutzers, METATRON haftet vor allem nicht f\u00fcr den technisch bedingten Ausfall des Internets bzw. des Zugangs zum Internet.<\/p>","protected":false},"excerpt":{"rendered":"<p>METATRON Energy GmbHK\u00f6nigstra\u00dfe 3570173 StuttgartDeutschland M\u00a0+ 49 176 6640 8688 E: info@metatron-gmbh.de Registergericht:&nbsp;Amstsgerichts Stuttgart&nbsp;HRB 793467Umsatzsteuer-Ident.-Nr. (USt-IdNr.):&nbsp;DE 26\/412\/4663 Grund- oder Stammkapital:25.000,00 EUR Urheberrechte \u00a9 Copyright METATRONAlle Rechte<span class=\"excerpt-hellip\"> [\u2026]<\/span><\/p>","protected":false},"author":1,"featured_media":0,"parent":0,"menu_order":0,"comment_status":"closed","ping_status":"closed","template":"","meta":{"footnotes":""},"class_list":["post-250","page","type-page","status-publish","hentry"],"yoast_head":"<!-- This site is optimized with the Yoast SEO plugin v23.4 - https:\/\/yoast.com\/wordpress\/plugins\/seo\/ -->\n<title>Impressum - metatron-gmbh.de<\/title>\n<meta name=\"robots\" content=\"index, follow, max-snippet:-1, max-image-preview:large, max-video-preview:-1\" \/>\n<link rel=\"canonical\" href=\"https:\/\/metatron-gmbh.de\/hr\/impressum\/\" \/>\n<meta property=\"og:locale\" content=\"hr_HR\" \/>\n<meta property=\"og:type\" content=\"article\" \/>\n<meta property=\"og:title\" content=\"Impressum - metatron-gmbh.de\" \/>\n<meta property=\"og:description\" content=\"METATRON Energy GmbHK\u00f6nigstra\u00dfe 3570173 StuttgartDeutschland M\u00a0+ 49 176 6640 8688 E: info@metatron-gmbh.de Registergericht:&nbsp;Amstsgerichts Stuttgart&nbsp;HRB 793467Umsatzsteuer-Ident.-Nr. (USt-IdNr.):&nbsp;DE 26\/412\/4663 Grund- oder Stammkapital:25.000,00 EUR Urheberrechte \u00a9 Copyright METATRONAlle Rechte [\u2026]\" \/>\n<meta property=\"og:url\" content=\"https:\/\/metatron-gmbh.de\/hr\/impressum\/\" \/>\n<meta property=\"og:site_name\" content=\"metatron-gmbh.de\" \/>\n<meta property=\"article:modified_time\" content=\"2024-08-01T10:26:56+00:00\" \/>\n<meta name=\"twitter:card\" content=\"summary_large_image\" \/>\n<meta name=\"twitter:label1\" content=\"Procijenjeno vrijeme \u010ditanja\" \/>\n\t<meta name=\"twitter:data1\" content=\"2 minute\" \/>\n<script type=\"application\/ld+json\" class=\"yoast-schema-graph\">{\"@context\":\"https:\/\/schema.org\",\"@graph\":[{\"@type\":\"WebPage\",\"@id\":\"https:\/\/metatron-gmbh.de\/impressum\/\",\"url\":\"https:\/\/metatron-gmbh.de\/impressum\/\",\"name\":\"Impressum - metatron-gmbh.de\",\"isPartOf\":{\"@id\":\"https:\/\/metatron-gmbh.de\/#website\"},\"datePublished\":\"2023-08-05T08:38:37+00:00\",\"dateModified\":\"2024-08-01T10:26:56+00:00\",\"breadcrumb\":{\"@id\":\"https:\/\/metatron-gmbh.de\/impressum\/#breadcrumb\"},\"inLanguage\":\"hr\",\"potentialAction\":[{\"@type\":\"ReadAction\",\"target\":[\"https:\/\/metatron-gmbh.de\/impressum\/\"]}]},{\"@type\":\"BreadcrumbList\",\"@id\":\"https:\/\/metatron-gmbh.de\/impressum\/#breadcrumb\",\"itemListElement\":[{\"@type\":\"ListItem\",\"position\":1,\"name\":\"Po\u010detna stranica\",\"item\":\"https:\/\/metatron-gmbh.de\/\"},{\"@type\":\"ListItem\",\"position\":2,\"name\":\"Impressum\"}]},{\"@type\":\"WebSite\",\"@id\":\"https:\/\/metatron-gmbh.de\/#website\",\"url\":\"https:\/\/metatron-gmbh.de\/\",\"name\":\"metatron-gmbh.de\",\"description\":\"\",\"publisher\":{\"@id\":\"https:\/\/metatron-gmbh.de\/#organization\"},\"potentialAction\":[{\"@type\":\"SearchAction\",\"target\":{\"@type\":\"EntryPoint\",\"urlTemplate\":\"https:\/\/metatron-gmbh.de\/?s={search_term_string}\"},\"query-input\":{\"@type\":\"PropertyValueSpecification\",\"valueRequired\":true,\"valueName\":\"search_term_string\"}}],\"inLanguage\":\"hr\"},{\"@type\":\"Organization\",\"@id\":\"https:\/\/metatron-gmbh.de\/#organization\",\"name\":\"metatron-gmbh.de\",\"url\":\"https:\/\/metatron-gmbh.de\/\",\"logo\":{\"@type\":\"ImageObject\",\"inLanguage\":\"hr\",\"@id\":\"https:\/\/metatron-gmbh.de\/#\/schema\/logo\/image\/\",\"url\":\"https:\/\/metatron-gmbh.de\/wp-content\/uploads\/2023\/07\/cropped-metatron-logo-bookman_VSV.png\",\"contentUrl\":\"https:\/\/metatron-gmbh.de\/wp-content\/uploads\/2023\/07\/cropped-metatron-logo-bookman_VSV.png\",\"width\":1691,\"height\":385,\"caption\":\"metatron-gmbh.de\"},\"image\":{\"@id\":\"https:\/\/metatron-gmbh.de\/#\/schema\/logo\/image\/\"}}]}<\/script>\n<!-- \/ Yoast SEO plugin. -->","yoast_head_json":{"title":"Impressum - metatron-gmbh.de","robots":{"index":"index","follow":"follow","max-snippet":"max-snippet:-1","max-image-preview":"max-image-preview:large","max-video-preview":"max-video-preview:-1"},"canonical":"https:\/\/metatron-gmbh.de\/hr\/impressum\/","og_locale":"hr_HR","og_type":"article","og_title":"Impressum - metatron-gmbh.de","og_description":"METATRON Energy GmbHK\u00f6nigstra\u00dfe 3570173 StuttgartDeutschland M\u00a0+ 49 176 6640 8688 E: info@metatron-gmbh.de Registergericht:&nbsp;Amstsgerichts Stuttgart&nbsp;HRB 793467Umsatzsteuer-Ident.-Nr. (USt-IdNr.):&nbsp;DE 26\/412\/4663 Grund- oder Stammkapital:25.000,00 EUR Urheberrechte \u00a9 Copyright METATRONAlle Rechte [\u2026]","og_url":"https:\/\/metatron-gmbh.de\/hr\/impressum\/","og_site_name":"metatron-gmbh.de","article_modified_time":"2024-08-01T10:26:56+00:00","twitter_card":"summary_large_image","twitter_misc":{"Procijenjeno vrijeme \u010ditanja":"2 minute"},"schema":{"@context":"https:\/\/schema.org","@graph":[{"@type":"WebPage","@id":"https:\/\/metatron-gmbh.de\/impressum\/","url":"https:\/\/metatron-gmbh.de\/impressum\/","name":"Impressum - metatron-gmbh.de","isPartOf":{"@id":"https:\/\/metatron-gmbh.de\/#website"},"datePublished":"2023-08-05T08:38:37+00:00","dateModified":"2024-08-01T10:26:56+00:00","breadcrumb":{"@id":"https:\/\/metatron-gmbh.de\/impressum\/#breadcrumb"},"inLanguage":"hr","potentialAction":[{"@type":"ReadAction","target":["https:\/\/metatron-gmbh.de\/impressum\/"]}]},{"@type":"BreadcrumbList","@id":"https:\/\/metatron-gmbh.de\/impressum\/#breadcrumb","itemListElement":[{"@type":"ListItem","position":1,"name":"Po\u010detna stranica","item":"https:\/\/metatron-gmbh.de\/"},{"@type":"ListItem","position":2,"name":"Impressum"}]},{"@type":"WebSite","@id":"https:\/\/metatron-gmbh.de\/#website","url":"https:\/\/metatron-gmbh.de\/","name":"metatron-gmbh.de","description":"","publisher":{"@id":"https:\/\/metatron-gmbh.de\/#organization"},"potentialAction":[{"@type":"SearchAction","target":{"@type":"EntryPoint","urlTemplate":"https:\/\/metatron-gmbh.de\/?s={search_term_string}"},"query-input":{"@type":"PropertyValueSpecification","valueRequired":true,"valueName":"search_term_string"}}],"inLanguage":"hr"},{"@type":"Organization","@id":"https:\/\/metatron-gmbh.de\/#organization","name":"metatron-gmbh.de","url":"https:\/\/metatron-gmbh.de\/","logo":{"@type":"ImageObject","inLanguage":"hr","@id":"https:\/\/metatron-gmbh.de\/#\/schema\/logo\/image\/","url":"https:\/\/metatron-gmbh.de\/wp-content\/uploads\/2023\/07\/cropped-metatron-logo-bookman_VSV.png","contentUrl":"https:\/\/metatron-gmbh.de\/wp-content\/uploads\/2023\/07\/cropped-metatron-logo-bookman_VSV.png","width":1691,"height":385,"caption":"metatron-gmbh.de"},"image":{"@id":"https:\/\/metatron-gmbh.de\/#\/schema\/logo\/image\/"}}]}},"_links":{"self":[{"href":"https:\/\/metatron-gmbh.de\/hr\/wp-json\/wp\/v2\/pages\/250","targetHints":{"allow":["GET"]}}],"collection":[{"href":"https:\/\/metatron-gmbh.de\/hr\/wp-json\/wp\/v2\/pages"}],"about":[{"href":"https:\/\/metatron-gmbh.de\/hr\/wp-json\/wp\/v2\/types\/page"}],"author":[{"embeddable":true,"href":"https:\/\/metatron-gmbh.de\/hr\/wp-json\/wp\/v2\/users\/1"}],"replies":[{"embeddable":true,"href":"https:\/\/metatron-gmbh.de\/hr\/wp-json\/wp\/v2\/comments?post=250"}],"version-history":[{"count":15,"href":"https:\/\/metatron-gmbh.de\/hr\/wp-json\/wp\/v2\/pages\/250\/revisions"}],"predecessor-version":[{"id":369,"href":"https:\/\/metatron-gmbh.de\/hr\/wp-json\/wp\/v2\/pages\/250\/revisions\/369"}],"wp:attachment":[{"href":"https:\/\/metatron-gmbh.de\/hr\/wp-json\/wp\/v2\/media?parent=250"}],"curies":[{"name":"wp","href":"https:\/\/api.w.org\/{rel}","templated":true}]}}